{"id":18629,"date":"2025-01-14T19:51:33","date_gmt":"2025-01-14T11:51:33","guid":{"rendered":"https:\/\/www.gneacademy.com\/junte-se-a-nos\/estagiario-de-design-ui-ux\/"},"modified":"2025-05-14T17:12:24","modified_gmt":"2025-05-14T09:12:24","slug":"estagiario-de-design-ui-ux","status":"publish","type":"page","link":"https:\/\/www.gneacademy.com\/pt-br\/junte-se-a-nos\/estagiario-de-design-ui-ux\/","title":{"rendered":"Estagi\u00e1rio de Design UI\/UX"},"content":{"rendered":"\t\t<div data-elementor-type=\"wp-page\" data-elementor-id=\"18629\" class=\"elementor elementor-18629 elementor-15647\" data-elementor-settings=\"{&quot;ha_cmc_init_switcher&quot;:&quot;no&quot;}\" data-elementor-post-type=\"page\">\n\t\t\t\t<div class=\"elementor-element elementor-element-5d1e62ec e-flex e-con-boxed e-con e-parent\" data-id=\"5d1e62ec\" data-element_type=\"container\" data-e-type=\"container\" data-settings=\"{&quot;_ha_eqh_enable&quot;:false}\">\n\t\t\t\t\t<div class=\"e-con-inner\">\n\t\t\t\t<div class=\"elementor-element elementor-element-401a9ac2 elementor-widget thim-ekits-heading elementor-widget-thim-heading\" data-id=\"401a9ac2\" data-element_type=\"widget\" data-e-type=\"widget\" data-widget_type=\"thim-heading.default\">\n\t\t\t\t<div class=\"elementor-widget-container\">\n\t\t\t\t\t<div class=\"sc_heading\"><h3 class=\"title\">Sobre a Global New Energy Academy <\/h3><span class=\"line\"><\/span><\/div>\t\t\t\t<\/div>\n\t\t\t\t<\/div>\n\t\t\t\t\t<\/div>\n\t\t\t\t<\/div>\n\t\t<div class=\"elementor-element elementor-element-11a4cba3 e-flex e-con-boxed e-con e-parent\" data-id=\"11a4cba3\" data-element_type=\"container\" data-e-type=\"container\" data-settings=\"{&quot;_ha_eqh_enable&quot;:false}\">\n\t\t\t\t\t<div class=\"e-con-inner\">\n\t\t\t\t<div class=\"elementor-element elementor-element-6fbb9d42 elementor-widget elementor-widget-text-editor\" data-id=\"6fbb9d42\" data-element_type=\"widget\" data-e-type=\"widget\" data-widget_type=\"text-editor.default\">\n\t\t\t\t<div class=\"elementor-widget-container\">\n\t\t\t\t\t\t\t\t\t<p>A Global New Energy Academy \u00e9 l\u00edder global em treinamento em ve\u00edculos el\u00e9tricos e tecnologia verde, com o apoio de investidores de primeira linha e parcerias estrat\u00e9gicas com governos nacionais e importantes players do setor. A Global New Energy Academy est\u00e1 em uma posi\u00e7\u00e3o \u00fanica para liderar a mudan\u00e7a rumo \u00e0 educa\u00e7\u00e3o e certifica\u00e7\u00e3o em energia sustent\u00e1vel em todo o mundo. <\/p><p>Nossas colabora\u00e7\u00f5es de alto n\u00edvel com minist\u00e9rios da educa\u00e7\u00e3o e ag\u00eancias governamentais em diferentes regi\u00f5es nos permitem estabelecer padr\u00f5es do setor em treinamentos para ve\u00edculos el\u00e9tricos e tecnologias verdes. Trabalhamos em estreita colabora\u00e7\u00e3o com os principais fabricantes de ve\u00edculos el\u00e9tricos, bem como com as principais institui\u00e7\u00f5es de ensino, para garantir que nossos programas de treinamento atendam aos mais altos padr\u00f5es do setor. <\/p><p>Visando a expans\u00e3o, a Global New Energy Academy est\u00e1 expandindo sua presen\u00e7a na <strong>Austr\u00e1lia<\/strong>, <strong>Oriente M\u00e9dio<\/strong>, <strong>\u00c1sia Central<\/strong>, <strong>Brasil<\/strong> e <strong>Europa<\/strong>, e est\u00e1 desenvolvendo ativamente uma rede global de centros de treinamento, plataformas educacionais e certifica\u00e7\u00f5es do setor. Essas parcerias com os setores p\u00fablico e privado nos ajudam a oferecer programas de treinamento de ponta que atendem \u00e0 crescente demanda por profissionais qualificados no setor de energia limpa. <\/p><p>Na Global New Energy Academy, os estagi\u00e1rios far\u00e3o parte de uma empresa din\u00e2mica e de r\u00e1pido crescimento, com vastas oportunidades de exposi\u00e7\u00e3o global e crescimento profissional, contribuindo para nossa miss\u00e3o de acelerar a transi\u00e7\u00e3o para energia sustent\u00e1vel por meio de educa\u00e7\u00e3o e colabora\u00e7\u00e3o.<\/p>\t\t\t\t\t\t\t\t<\/div>\n\t\t\t\t<\/div>\n\t\t\t\t\t<\/div>\n\t\t\t\t<\/div>\n\t\t<div class=\"elementor-element elementor-element-61bdd585 e-flex e-con-boxed e-con e-parent\" data-id=\"61bdd585\" data-element_type=\"container\" data-e-type=\"container\" data-settings=\"{&quot;_ha_eqh_enable&quot;:false}\">\n\t\t\t\t\t<div class=\"e-con-inner\">\n\t\t\t\t<div class=\"elementor-element elementor-element-3ee37595 elementor-widget-divider--view-line elementor-widget elementor-widget-divider\" data-id=\"3ee37595\" data-element_type=\"widget\" data-e-type=\"widget\" data-widget_type=\"divider.default\">\n\t\t\t\t<div class=\"elementor-widget-container\">\n\t\t\t\t\t\t\t<div class=\"elementor-divider\">\n\t\t\t<span class=\"elementor-divider-separator\">\n\t\t\t\t\t\t<\/span>\n\t\t<\/div>\n\t\t\t\t\t\t<\/div>\n\t\t\t\t<\/div>\n\t\t\t\t\t<\/div>\n\t\t\t\t<\/div>\n\t\t<div class=\"elementor-element elementor-element-6dbd6060 e-flex e-con-boxed e-con e-parent\" data-id=\"6dbd6060\" data-element_type=\"container\" data-e-type=\"container\" data-settings=\"{&quot;_ha_eqh_enable&quot;:false}\">\n\t\t\t\t\t<div class=\"e-con-inner\">\n\t\t\t\t<div class=\"elementor-element elementor-element-2e0198ae elementor-widget thim-ekits-heading elementor-widget-thim-heading\" data-id=\"2e0198ae\" data-element_type=\"widget\" data-e-type=\"widget\" data-widget_type=\"thim-heading.default\">\n\t\t\t\t<div class=\"elementor-widget-container\">\n\t\t\t\t\t<div class=\"sc_heading\"><h3 class=\"title\">Vaga de Estagi\u00e1rio em Design de UI\/UX <\/h3><\/div>\t\t\t\t<\/div>\n\t\t\t\t<\/div>\n\t\t\t\t\t<\/div>\n\t\t\t\t<\/div>\n\t\t<div class=\"elementor-element elementor-element-550b27c3 e-flex e-con-boxed e-con e-parent\" data-id=\"550b27c3\" data-element_type=\"container\" data-e-type=\"container\" data-settings=\"{&quot;_ha_eqh_enable&quot;:false}\">\n\t\t\t\t\t<div class=\"e-con-inner\">\n\t\t\t\t<div class=\"elementor-element elementor-element-65d3d853 elementor-widget elementor-widget-text-editor\" data-id=\"65d3d853\" data-element_type=\"widget\" data-e-type=\"widget\" data-widget_type=\"text-editor.default\">\n\t\t\t\t<div class=\"elementor-widget-container\">\n\t\t\t\t\t\t\t\t\t<p><strong>Forma\u00e7\u00e3o educacional<\/strong>:<\/p><p>Estudantes atualmente matriculados nas principais universidades ou rec\u00e9m-formados em \u00e1reas relacionadas (formados de 2024-2025 s\u00e3o preferenciais), especialmente em Design Gr\u00e1fico, Design de Intera\u00e7\u00e3o ou disciplinas relacionadas.<\/p><p><strong>Habilidades T\u00e9cnicas<\/strong>:<\/p><ol><li style=\"list-style-type: none;\"><ol><li>Experi\u00eancia com ferramentas de design como Adobe XD, Sketch e Figma.<\/li><li>Experi\u00eancia na cria\u00e7\u00e3o de wireframes, prot\u00f3tipos e designs de alta fidelidade para aplicativos web e mobile.<\/li><li>Compreens\u00e3o dos princ\u00edpios de design centrado no usu\u00e1rio e padr\u00f5es de acessibilidade.<\/li><\/ol><\/li><\/ol><p><strong>Ferramentas de colabora\u00e7\u00e3o<\/strong>:<\/p><p>Profici\u00eancia com ferramentas colaborativas como Dropbox, Slack, Google Docs e plataformas de gerenciamento de projetos de design como Asana ou Trello.<\/p><p><strong>Estilo de trabalho e adaptabilidade<\/strong>:<\/p><ol><li style=\"list-style-type: none;\"><ol><li>Grande adaptabilidade e capacidade de trabalhar de forma independente em um ambiente de design acelerado, ao mesmo tempo em que gerencia v\u00e1rios projetos de design.<\/li><li>Criatividade comprovada e aten\u00e7\u00e3o aos detalhes em design visual e de intera\u00e7\u00e3o.<\/li><\/ol><\/li><\/ol><p><strong>Habilidades de comunica\u00e7\u00e3o<\/strong>:<\/p><ol><li style=\"list-style-type: none;\"><ol><li>Excelentes habilidades de comunica\u00e7\u00e3o visual e verbal, com capacidade de apresentar conceitos e justificativas de design.<\/li><li>Fluente em ingl\u00eas (escrito e falado); profici\u00eancia em outros idiomas, como portugu\u00eas, \u00e1rabe ou russo, \u00e9 uma vantagem.<\/li><\/ol><\/li><\/ol><p><strong>Interesse e Paix\u00e3o<\/strong>:<\/p><p>Apaixonado por design UX\/UI, tend\u00eancias digitais e aprimoramento de experi\u00eancias do usu\u00e1rio por meio de design inteligente.<\/p><p><strong>Compromisso de tempo<\/strong>:<\/p><p>Disponibilidade para trabalhar de 3 a 5 dias por semana, com flexibilidade para se adaptar aos cronogramas do projeto.<\/p><p><strong>Como se candidatar<\/strong>: Envie seu curr\u00edculo junto com o formul\u00e1rio de contato abaixo e inclua o seguinte no assunto:<\/p><ul><li>Universidade + Cargo (por exemplo, JohnDoe_UniversityXYZ_SocialMediaIntern)<\/li><\/ul><p>Para qualquer d\u00favida, n\u00e3o hesite em entrar em contato conosco.<\/p>\t\t\t\t\t\t\t\t<\/div>\n\t\t\t\t<\/div>\n\t\t\t\t<div class=\"elementor-element elementor-element-11ef5b9d elementor-widget-divider--view-line elementor-widget elementor-widget-divider\" data-id=\"11ef5b9d\" data-element_type=\"widget\" data-e-type=\"widget\" data-widget_type=\"divider.default\">\n\t\t\t\t<div class=\"elementor-widget-container\">\n\t\t\t\t\t\t\t<div class=\"elementor-divider\">\n\t\t\t<span class=\"elementor-divider-separator\">\n\t\t\t\t\t\t<\/span>\n\t\t<\/div>\n\t\t\t\t\t\t<\/div>\n\t\t\t\t<\/div>\n\t\t\t\t\t<\/div>\n\t\t\t\t<\/div>\n\t\t\t\t<section class=\"elementor-section elementor-top-section elementor-element elementor-element-13c7a78b elementor-section-stretched elementor-section-boxed elementor-section-height-default elementor-section-height-default\" data-id=\"13c7a78b\" data-element_type=\"section\" data-e-type=\"section\" data-settings=\"{&quot;stretch_section&quot;:&quot;section-stretched&quot;,&quot;_ha_eqh_enable&quot;:false}\">\n\t\t\t\t\t\t<div class=\"elementor-container elementor-column-gap-no\">\n\t\t\t\t\t<div class=\"elementor-column elementor-col-100 elementor-top-column elementor-element elementor-element-30b7b826\" data-id=\"30b7b826\" data-element_type=\"column\" data-e-type=\"column\">\n\t\t\t<div class=\"elementor-widget-wrap elementor-element-populated\">\n\t\t\t\t\t\t<div class=\"elementor-element elementor-element-40aca843 thim-ekits-heading-text-center elementor-widget thim-ekits-heading elementor-widget-thim-heading\" data-id=\"40aca843\" data-element_type=\"widget\" data-e-type=\"widget\" data-widget_type=\"thim-heading.default\">\n\t\t\t\t<div class=\"elementor-widget-container\">\n\t\t\t\t\t<div class=\"sc_heading text-center\"><h3 class=\"title\">Preencha o formul\u00e1rio abaixo para que possamos conhec\u00ea-lo melhor. <\/h3><\/div>\t\t\t\t<\/div>\n\t\t\t\t<\/div>\n\t\t\t\t<div class=\"elementor-element elementor-element-5f09109c elementor-widget elementor-widget-thim-ekits-contact-form-7\" data-id=\"5f09109c\" data-element_type=\"widget\" data-e-type=\"widget\" data-widget_type=\"thim-ekits-contact-form-7.default\">\n\t\t\t\t<div class=\"elementor-widget-container\">\n\t\t\t\t\t\t\t\t<div class=\"thim-ekit-wpcf7\">\n\t\t\t\t\n<div class=\"wpcf7 no-js\" id=\"wpcf7-f18570-o1\" lang=\"pt-BR\" dir=\"ltr\" data-wpcf7-id=\"18570\">\n<div class=\"screen-reader-response\"><p role=\"status\" aria-live=\"polite\" aria-atomic=\"true\"><\/p> <ul><\/ul><\/div>\n<form action=\"\/pt-br\/wp-json\/wp\/v2\/pages\/18629#wpcf7-f18570-o1\" method=\"post\" class=\"wpcf7-form init\" aria-label=\"Formul\u00e1rios de contato\" enctype=\"multipart\/form-data\" novalidate=\"novalidate\" data-status=\"init\">\n<fieldset class=\"hidden-fields-container\"><input type=\"hidden\" name=\"_wpcf7\" value=\"18570\" \/><input type=\"hidden\" name=\"_wpcf7_version\" value=\"6.1.4\" \/><input type=\"hidden\" name=\"_wpcf7_locale\" value=\"pt_BR\" \/><input type=\"hidden\" name=\"_wpcf7_unit_tag\" value=\"wpcf7-f18570-o1\" \/><input type=\"hidden\" name=\"_wpcf7_container_post\" value=\"0\" \/><input type=\"hidden\" name=\"_wpcf7_posted_data_hash\" value=\"\" \/><input type=\"hidden\" name=\"_wpcf7_recaptcha_response\" value=\"\" \/>\n<\/fieldset>\n<p><span class=\"wpcf7-form-control-wrap\" data-name=\"your-name\"><input size=\"40\" maxlength=\"400\" class=\"wpcf7-form-control wpcf7-text\" aria-invalid=\"false\" placeholder=\"Nome *\" value=\"\" type=\"text\" name=\"your-name\" \/><\/span>\n<\/p>\n<p><span class=\"wpcf7-form-control-wrap\" data-name=\"your-subject\"><input size=\"40\" maxlength=\"400\" class=\"wpcf7-form-control wpcf7-text\" aria-invalid=\"false\" placeholder=\"Assunto *\" value=\"\" type=\"text\" name=\"your-subject\" \/><\/span>\n<\/p>\n<p><span class=\"wpcf7-form-control-wrap\" data-name=\"your-email\"><input size=\"40\" maxlength=\"400\" class=\"wpcf7-form-control wpcf7-email wpcf7-validates-as-required wpcf7-text wpcf7-validates-as-email\" aria-required=\"true\" aria-invalid=\"false\" placeholder=\"Email *\" value=\"\" type=\"email\" name=\"your-email\" \/><\/span>\n<\/p>\n<p>Seu curr\u00edculo * (somente em PDF)<span class=\"wpcf7-form-control-wrap\" data-name=\"your-file\"><input size=\"40\" class=\"wpcf7-form-control wpcf7-file wpcf7-validates-as-required\" accept=\"application\/pdf\" aria-required=\"true\" aria-invalid=\"false\" type=\"file\" name=\"your-file\" \/><\/span>\n<\/p>\n<p><span class=\"wpcf7-form-control-wrap\" data-name=\"your-message\"><textarea cols=\"40\" rows=\"10\" maxlength=\"2000\" class=\"wpcf7-form-control wpcf7-textarea\" aria-invalid=\"false\" placeholder=\"Mensagem *\" name=\"your-message\"><\/textarea><\/span>\n<\/p>\n<p><input class=\"wpcf7-form-control wpcf7-submit has-spinner\" type=\"submit\" value=\"Enviar agora\" \/>\n<\/p><div class=\"wpcf7-response-output\" aria-hidden=\"true\"><\/div>\n<\/form>\n<\/div>\n\t\t\t<\/div>\n\t\t\t\t\t\t<\/div>\n\t\t\t\t<\/div>\n\t\t\t\t\t<\/div>\n\t\t<\/div>\n\t\t\t\t\t<\/div>\n\t\t<\/section>\n\t\t\t\t<\/div>\n\t\t","protected":false},"excerpt":{"rendered":"<p>Sobre a Global New Energy Academy A Global New Energy Academy \u00e9 l\u00edder global em treinamento em ve\u00edculos el\u00e9tricos e tecnologia verde, com o apoio de investidores de primeira linha e parcerias estrat\u00e9gicas com governos nacionais e importantes players do &hellip; <\/p>\n","protected":false},"author":1,"featured_media":0,"parent":18530,"menu_order":0,"comment_status":"closed","ping_status":"closed","template":"","meta":{"footnotes":""},"class_list":["post-18629","page","type-page","status-publish","hentry"],"yoast_head":"<!-- This site is optimized with the Yoast SEO plugin v27.4 - https:\/\/yoast.com\/product\/yoast-seo-wordpress\/ -->\n<title>Estagi\u00e1rio de Design UI\/UX - Global New Energy Academy<\/title>\n<meta name=\"robots\" content=\"index, follow, max-snippet:-1, max-image-preview:large, max-video-preview:-1\" \/>\n<link rel=\"canonical\" href=\"https:\/\/www.gneacademy.com\/pt-br\/junte-se-a-nos\/estagiario-de-design-ui-ux\/\" \/>\n<meta property=\"og:locale\" content=\"pt_BR\" \/>\n<meta property=\"og:type\" content=\"article\" \/>\n<meta property=\"og:title\" content=\"Estagi\u00e1rio de Design UI\/UX - Global New Energy Academy\" \/>\n<meta property=\"og:description\" content=\"Sobre a Global New Energy Academy A Global New Energy Academy \u00e9 l\u00edder global em treinamento em ve\u00edculos el\u00e9tricos e tecnologia verde, com o apoio de investidores de primeira linha e parcerias estrat\u00e9gicas com governos nacionais e importantes players do &hellip;\" \/>\n<meta property=\"og:url\" content=\"https:\/\/www.gneacademy.com\/pt-br\/junte-se-a-nos\/estagiario-de-design-ui-ux\/\" \/>\n<meta property=\"og:site_name\" content=\"Global New Energy Academy\" \/>\n<meta property=\"article:modified_time\" content=\"2025-05-14T09:12:24+00:00\" \/>\n<meta name=\"twitter:card\" content=\"summary_large_image\" \/>\n<meta name=\"twitter:label1\" content=\"Est. tempo de leitura\" \/>\n\t<meta name=\"twitter:data1\" content=\"3 minutos\" \/>\n<script type=\"application\/ld+json\" class=\"yoast-schema-graph\">{\"@context\":\"https:\\\/\\\/schema.org\",\"@graph\":[{\"@type\":\"WebPage\",\"@id\":\"https:\\\/\\\/www.gneacademy.com\\\/pt-br\\\/junte-se-a-nos\\\/estagiario-de-design-ui-ux\\\/\",\"url\":\"https:\\\/\\\/www.gneacademy.com\\\/pt-br\\\/junte-se-a-nos\\\/estagiario-de-design-ui-ux\\\/\",\"name\":\"Estagi\u00e1rio de Design UI\\\/UX - Global New Energy Academy\",\"isPartOf\":{\"@id\":\"https:\\\/\\\/www.gneacademy.com\\\/pt-br\\\/#website\"},\"datePublished\":\"2025-01-14T11:51:33+00:00\",\"dateModified\":\"2025-05-14T09:12:24+00:00\",\"breadcrumb\":{\"@id\":\"https:\\\/\\\/www.gneacademy.com\\\/pt-br\\\/junte-se-a-nos\\\/estagiario-de-design-ui-ux\\\/#breadcrumb\"},\"inLanguage\":\"pt-BR\",\"potentialAction\":[{\"@type\":\"ReadAction\",\"target\":[\"https:\\\/\\\/www.gneacademy.com\\\/pt-br\\\/junte-se-a-nos\\\/estagiario-de-design-ui-ux\\\/\"]}]},{\"@type\":\"BreadcrumbList\",\"@id\":\"https:\\\/\\\/www.gneacademy.com\\\/pt-br\\\/junte-se-a-nos\\\/estagiario-de-design-ui-ux\\\/#breadcrumb\",\"itemListElement\":[{\"@type\":\"ListItem\",\"position\":1,\"name\":\"In\u00edcio\",\"item\":\"https:\\\/\\\/www.gneacademy.com\\\/pt-br\\\/inicio\\\/\"},{\"@type\":\"ListItem\",\"position\":2,\"name\":\"Junte-se a n\u00f3s\",\"item\":\"https:\\\/\\\/www.gneacademy.com\\\/pt-br\\\/junte-se-a-nos\\\/\"},{\"@type\":\"ListItem\",\"position\":3,\"name\":\"Estagi\u00e1rio de Design UI\\\/UX\"}]},{\"@type\":\"WebSite\",\"@id\":\"https:\\\/\\\/www.gneacademy.com\\\/pt-br\\\/#website\",\"url\":\"https:\\\/\\\/www.gneacademy.com\\\/pt-br\\\/\",\"name\":\"Global New Energy Academy\",\"description\":\"Achieve Sustainability For Next Generations\",\"publisher\":{\"@id\":\"https:\\\/\\\/www.gneacademy.com\\\/pt-br\\\/#organization\"},\"potentialAction\":[{\"@type\":\"SearchAction\",\"target\":{\"@type\":\"EntryPoint\",\"urlTemplate\":\"https:\\\/\\\/www.gneacademy.com\\\/pt-br\\\/?s={search_term_string}\"},\"query-input\":{\"@type\":\"PropertyValueSpecification\",\"valueRequired\":true,\"valueName\":\"search_term_string\"}}],\"inLanguage\":\"pt-BR\"},{\"@type\":\"Organization\",\"@id\":\"https:\\\/\\\/www.gneacademy.com\\\/pt-br\\\/#organization\",\"name\":\"Global New Energy Academy\",\"url\":\"https:\\\/\\\/www.gneacademy.com\\\/pt-br\\\/\",\"logo\":{\"@type\":\"ImageObject\",\"inLanguage\":\"pt-BR\",\"@id\":\"https:\\\/\\\/www.gneacademy.com\\\/pt-br\\\/#\\\/schema\\\/logo\\\/image\\\/\",\"url\":\"https:\\\/\\\/www.gneacademy.com\\\/wp-content\\\/uploads\\\/2024\\\/11\\\/Logo-GNEA_renv-04.png\",\"contentUrl\":\"https:\\\/\\\/www.gneacademy.com\\\/wp-content\\\/uploads\\\/2024\\\/11\\\/Logo-GNEA_renv-04.png\",\"width\":1119,\"height\":1045,\"caption\":\"Global New Energy Academy\"},\"image\":{\"@id\":\"https:\\\/\\\/www.gneacademy.com\\\/pt-br\\\/#\\\/schema\\\/logo\\\/image\\\/\"},\"sameAs\":[\"https:\\\/\\\/www.linkedin.com\\\/company\\\/global-new-energy-academy\"]}]}<\/script>\n<!-- \/ Yoast SEO plugin. -->","yoast_head_json":{"title":"Estagi\u00e1rio de Design UI\/UX - Global New Energy Academy","robots":{"index":"index","follow":"follow","max-snippet":"max-snippet:-1","max-image-preview":"max-image-preview:large","max-video-preview":"max-video-preview:-1"},"canonical":"https:\/\/www.gneacademy.com\/pt-br\/junte-se-a-nos\/estagiario-de-design-ui-ux\/","og_locale":"pt_BR","og_type":"article","og_title":"Estagi\u00e1rio de Design UI\/UX - Global New Energy Academy","og_description":"Sobre a Global New Energy Academy A Global New Energy Academy \u00e9 l\u00edder global em treinamento em ve\u00edculos el\u00e9tricos e tecnologia verde, com o apoio de investidores de primeira linha e parcerias estrat\u00e9gicas com governos nacionais e importantes players do &hellip;","og_url":"https:\/\/www.gneacademy.com\/pt-br\/junte-se-a-nos\/estagiario-de-design-ui-ux\/","og_site_name":"Global New Energy Academy","article_modified_time":"2025-05-14T09:12:24+00:00","twitter_card":"summary_large_image","twitter_misc":{"Est. tempo de leitura":"3 minutos"},"schema":{"@context":"https:\/\/schema.org","@graph":[{"@type":"WebPage","@id":"https:\/\/www.gneacademy.com\/pt-br\/junte-se-a-nos\/estagiario-de-design-ui-ux\/","url":"https:\/\/www.gneacademy.com\/pt-br\/junte-se-a-nos\/estagiario-de-design-ui-ux\/","name":"Estagi\u00e1rio de Design UI\/UX - Global New Energy Academy","isPartOf":{"@id":"https:\/\/www.gneacademy.com\/pt-br\/#website"},"datePublished":"2025-01-14T11:51:33+00:00","dateModified":"2025-05-14T09:12:24+00:00","breadcrumb":{"@id":"https:\/\/www.gneacademy.com\/pt-br\/junte-se-a-nos\/estagiario-de-design-ui-ux\/#breadcrumb"},"inLanguage":"pt-BR","potentialAction":[{"@type":"ReadAction","target":["https:\/\/www.gneacademy.com\/pt-br\/junte-se-a-nos\/estagiario-de-design-ui-ux\/"]}]},{"@type":"BreadcrumbList","@id":"https:\/\/www.gneacademy.com\/pt-br\/junte-se-a-nos\/estagiario-de-design-ui-ux\/#breadcrumb","itemListElement":[{"@type":"ListItem","position":1,"name":"In\u00edcio","item":"https:\/\/www.gneacademy.com\/pt-br\/inicio\/"},{"@type":"ListItem","position":2,"name":"Junte-se a n\u00f3s","item":"https:\/\/www.gneacademy.com\/pt-br\/junte-se-a-nos\/"},{"@type":"ListItem","position":3,"name":"Estagi\u00e1rio de Design UI\/UX"}]},{"@type":"WebSite","@id":"https:\/\/www.gneacademy.com\/pt-br\/#website","url":"https:\/\/www.gneacademy.com\/pt-br\/","name":"Global New Energy Academy","description":"Achieve Sustainability For Next Generations","publisher":{"@id":"https:\/\/www.gneacademy.com\/pt-br\/#organization"},"potentialAction":[{"@type":"SearchAction","target":{"@type":"EntryPoint","urlTemplate":"https:\/\/www.gneacademy.com\/pt-br\/?s={search_term_string}"},"query-input":{"@type":"PropertyValueSpecification","valueRequired":true,"valueName":"search_term_string"}}],"inLanguage":"pt-BR"},{"@type":"Organization","@id":"https:\/\/www.gneacademy.com\/pt-br\/#organization","name":"Global New Energy Academy","url":"https:\/\/www.gneacademy.com\/pt-br\/","logo":{"@type":"ImageObject","inLanguage":"pt-BR","@id":"https:\/\/www.gneacademy.com\/pt-br\/#\/schema\/logo\/image\/","url":"https:\/\/www.gneacademy.com\/wp-content\/uploads\/2024\/11\/Logo-GNEA_renv-04.png","contentUrl":"https:\/\/www.gneacademy.com\/wp-content\/uploads\/2024\/11\/Logo-GNEA_renv-04.png","width":1119,"height":1045,"caption":"Global New Energy Academy"},"image":{"@id":"https:\/\/www.gneacademy.com\/pt-br\/#\/schema\/logo\/image\/"},"sameAs":["https:\/\/www.linkedin.com\/company\/global-new-energy-academy"]}]}},"_links":{"self":[{"href":"https:\/\/www.gneacademy.com\/pt-br\/wp-json\/wp\/v2\/pages\/18629","targetHints":{"allow":["GET"]}}],"collection":[{"href":"https:\/\/www.gneacademy.com\/pt-br\/wp-json\/wp\/v2\/pages"}],"about":[{"href":"https:\/\/www.gneacademy.com\/pt-br\/wp-json\/wp\/v2\/types\/page"}],"author":[{"embeddable":true,"href":"https:\/\/www.gneacademy.com\/pt-br\/wp-json\/wp\/v2\/users\/1"}],"replies":[{"embeddable":true,"href":"https:\/\/www.gneacademy.com\/pt-br\/wp-json\/wp\/v2\/comments?post=18629"}],"version-history":[{"count":0,"href":"https:\/\/www.gneacademy.com\/pt-br\/wp-json\/wp\/v2\/pages\/18629\/revisions"}],"up":[{"embeddable":true,"href":"https:\/\/www.gneacademy.com\/pt-br\/wp-json\/wp\/v2\/pages\/18530"}],"wp:attachment":[{"href":"https:\/\/www.gneacademy.com\/pt-br\/wp-json\/wp\/v2\/media?parent=18629"}],"curies":[{"name":"wp","href":"https:\/\/api.w.org\/{rel}","templated":true}]}}