{"id":18668,"date":"2025-01-14T19:49:00","date_gmt":"2025-01-14T11:49:00","guid":{"rendered":"https:\/\/www.gneacademy.com\/unisciti-a-noi\/tirocinante-generico\/"},"modified":"2025-05-15T17:05:03","modified_gmt":"2025-05-15T09:05:03","slug":"tirocinante-generico","status":"publish","type":"page","link":"https:\/\/www.gneacademy.com\/it\/unisciti-a-noi\/tirocinante-generico\/","title":{"rendered":"Tirocinante generico"},"content":{"rendered":"\t\t<div data-elementor-type=\"wp-page\" data-elementor-id=\"18668\" class=\"elementor elementor-18668 elementor-15641\" data-elementor-settings=\"{&quot;ha_cmc_init_switcher&quot;:&quot;no&quot;}\" data-elementor-post-type=\"page\">\n\t\t\t\t<div class=\"elementor-element elementor-element-6e7369a9 e-flex e-con-boxed e-con e-parent\" data-id=\"6e7369a9\" data-element_type=\"container\" data-e-type=\"container\" data-settings=\"{&quot;_ha_eqh_enable&quot;:false}\">\n\t\t\t\t\t<div class=\"e-con-inner\">\n\t\t\t\t<div class=\"elementor-element elementor-element-2949bb54 elementor-widget thim-ekits-heading elementor-widget-thim-heading\" data-id=\"2949bb54\" data-element_type=\"widget\" data-e-type=\"widget\" data-widget_type=\"thim-heading.default\">\n\t\t\t\t<div class=\"elementor-widget-container\">\n\t\t\t\t\t<div class=\"sc_heading\"><h3 class=\"title\">Informazioni sulla Global New Energy Academy <\/h3><span class=\"line\"><\/span><\/div>\t\t\t\t<\/div>\n\t\t\t\t<\/div>\n\t\t\t\t\t<\/div>\n\t\t\t\t<\/div>\n\t\t<div class=\"elementor-element elementor-element-eb86d6d e-flex e-con-boxed e-con e-parent\" data-id=\"eb86d6d\" data-element_type=\"container\" data-e-type=\"container\" data-settings=\"{&quot;_ha_eqh_enable&quot;:false}\">\n\t\t\t\t\t<div class=\"e-con-inner\">\n\t\t\t\t<div class=\"elementor-element elementor-element-68c3a996 elementor-widget elementor-widget-text-editor\" data-id=\"68c3a996\" data-element_type=\"widget\" data-e-type=\"widget\" data-widget_type=\"text-editor.default\">\n\t\t\t\t<div class=\"elementor-widget-container\">\n\t\t\t\t\t\t\t\t\t<p>La Global New Energy Academy \u00e8 leader mondiale nella formazione sui veicoli elettrici e sulle tecnologie verdi, supportata da investitori di alto livello e da partnership strategiche con governi nazionali e importanti attori del settore. La Global New Energy Academy si trova in una posizione unica per guidare la transizione verso l&#8217;educazione e la certificazione in materia di energia sostenibile in tutto il mondo. <\/p><p>La Global New Energy Academy \u00e8 leader mondiale nella formazione sui veicoli elettrici e sulle tecnologie verdi, supportata da investitori di alto livello e da partnership strategiche con governi nazionali e importanti attori del settore. La Global New Energy Academy si trova in una posizione unica per guidare la transizione verso l&#8217;educazione e la certificazione in materia di energia sostenibile in tutto il mondo. <\/p><p>Con l&#8217;obiettivo di espandersi ulteriormente, la Global New Energy Academy sta ampliando la sua presenza in <strong>Australia<\/strong>, <strong>Medio Oriente<\/strong>, <strong>Asia centrale<\/strong>, <strong>Brasile<\/strong> ed <strong>Europa<\/strong>, e sta attivamente sviluppando una rete globale di centri di formazione, piattaforme formative e certificazioni di settore. Queste partnership con il settore pubblico e privato ci aiutano a offrire programmi di formazione all&#8217;avanguardia che rispondono alla crescente domanda di professionisti qualificati nel settore dell&#8217;energia pulita. <\/p><p>Presso la Global New Energy Academy, gli stagisti faranno parte di un&#8217;azienda dinamica e in rapida crescita, con grandi opportunit\u00e0 di visibilit\u00e0 globale e di crescita professionale, contribuendo alla nostra missione di accelerare la transizione verso un&#8217;energia sostenibile attraverso la formazione e la collaborazione.<\/p>\t\t\t\t\t\t\t\t<\/div>\n\t\t\t\t<\/div>\n\t\t\t\t\t<\/div>\n\t\t\t\t<\/div>\n\t\t<div class=\"elementor-element elementor-element-facfaef e-flex e-con-boxed e-con e-parent\" data-id=\"facfaef\" data-element_type=\"container\" data-e-type=\"container\" data-settings=\"{&quot;_ha_eqh_enable&quot;:false}\">\n\t\t\t\t\t<div class=\"e-con-inner\">\n\t\t\t\t<div class=\"elementor-element elementor-element-31d7e7c2 elementor-widget-divider--view-line elementor-widget elementor-widget-divider\" data-id=\"31d7e7c2\" data-element_type=\"widget\" data-e-type=\"widget\" data-widget_type=\"divider.default\">\n\t\t\t\t<div class=\"elementor-widget-container\">\n\t\t\t\t\t\t\t<div class=\"elementor-divider\">\n\t\t\t<span class=\"elementor-divider-separator\">\n\t\t\t\t\t\t<\/span>\n\t\t<\/div>\n\t\t\t\t\t\t<\/div>\n\t\t\t\t<\/div>\n\t\t\t\t\t<\/div>\n\t\t\t\t<\/div>\n\t\t<div class=\"elementor-element elementor-element-d948a4b e-flex e-con-boxed e-con e-parent\" data-id=\"d948a4b\" data-element_type=\"container\" data-e-type=\"container\" data-settings=\"{&quot;_ha_eqh_enable&quot;:false}\">\n\t\t\t\t\t<div class=\"e-con-inner\">\n\t\t\t\t<div class=\"elementor-element elementor-element-4e02e426 elementor-widget thim-ekits-heading elementor-widget-thim-heading\" data-id=\"4e02e426\" data-element_type=\"widget\" data-e-type=\"widget\" data-widget_type=\"thim-heading.default\">\n\t\t\t\t<div class=\"elementor-widget-container\">\n\t\t\t\t\t<div class=\"sc_heading\"><h3 class=\"title\">Posizione di stagista generale <\/h3><\/div>\t\t\t\t<\/div>\n\t\t\t\t<\/div>\n\t\t\t\t\t<\/div>\n\t\t\t\t<\/div>\n\t\t<div class=\"elementor-element elementor-element-315bdf3c e-flex e-con-boxed e-con e-parent\" data-id=\"315bdf3c\" data-element_type=\"container\" data-e-type=\"container\" data-settings=\"{&quot;_ha_eqh_enable&quot;:false}\">\n\t\t\t\t\t<div class=\"e-con-inner\">\n\t\t\t\t<div class=\"elementor-element elementor-element-9261030 elementor-widget elementor-widget-text-editor\" data-id=\"9261030\" data-element_type=\"widget\" data-e-type=\"widget\" data-widget_type=\"text-editor.default\">\n\t\t\t\t<div class=\"elementor-widget-container\">\n\t\t\t\t\t\t\t\t\t<p><strong>Background educativo<\/strong>:<\/p><p>Studenti attualmente iscritti presso le migliori universit\u00e0 o neolaureati di qualsiasi disciplina (preferibilmente laureati nel 2024-2025), aperti all&#8217;apprendimento e al contributo in pi\u00f9 dipartimenti.<\/p><p><strong>Competenze tecniche<\/strong>:<\/p><ol><li style=\"list-style-type: none;\"><ol><li>Esperienza con strumenti software di base e applicazioni rilevanti per varie attivit\u00e0 amministrative.<\/li><li>\u00c8 preferibile la familiarit\u00e0 con gli strumenti di ricerca e analisi dei dati.<\/li><\/ol><\/li><\/ol><p><strong>Strumenti di collaborazione<\/strong>:<\/p><p>Esperienza con strumenti collaborativi quali Dropbox, Slack, Google Docs e piattaforme di gestione progetti generali come Asana o Trello.<\/p><p><strong>Stile di lavoro e adattabilit\u00e0<\/strong>:<\/p><ol><li style=\"list-style-type: none;\"><ol><li>Forte adattabilit\u00e0 e capacit\u00e0 di lavorare in modo indipendente in un ambiente diversificato, gestendo al contempo pi\u00f9 priorit\u00e0 nei vari reparti.<\/li><li>Persona che impara in fretta e che ha un approccio proattivo alla risoluzione dei problemi.<\/li><\/ol><\/li><\/ol><p><strong>Abilit\u00e0 comunicative<\/strong>:<\/p><ol><li style=\"list-style-type: none;\"><ol><li>Buone capacit\u00e0 comunicative, capacit\u00e0 di collaborare efficacemente in un contesto di squadra.<\/li><li>Ottima conoscenza dell&#8217;inglese (sia scritto che parlato); la conoscenza di altre lingue come portoghese, arabo o russo costituisce un vantaggio.<\/li><\/ol><\/li><\/ol><p><strong>Interessi e passioni<\/strong>:<\/p><p>Interessato a un&#8217;ampia conoscenza del funzionamento di una startup in rapida crescita nel settore della tecnologia verde.<\/p><p><strong>Impegno di tempo<\/strong>:<\/p><p>Disponibilit\u00e0 a lavorare 3-5 giorni alla settimana, flessibile in base alle esigenze del reparto.<\/p><p><strong>Come candidarsi<\/strong>: inviare il curriculum tramite il modulo di contatto qui sotto, specificando quanto segue nell&#8217;oggetto:<\/p><ul><li>Universit\u00e0 + Posizione (ad esempio, JohnDoe_UniversityXYZ_GeneralIntern)<\/li><\/ul><p>Per qualsiasi domanda, non esitate a contattarci.<\/p>\t\t\t\t\t\t\t\t<\/div>\n\t\t\t\t<\/div>\n\t\t\t\t<div class=\"elementor-element elementor-element-48eb94fe elementor-widget-divider--view-line elementor-widget elementor-widget-divider\" data-id=\"48eb94fe\" data-element_type=\"widget\" data-e-type=\"widget\" data-widget_type=\"divider.default\">\n\t\t\t\t<div class=\"elementor-widget-container\">\n\t\t\t\t\t\t\t<div class=\"elementor-divider\">\n\t\t\t<span class=\"elementor-divider-separator\">\n\t\t\t\t\t\t<\/span>\n\t\t<\/div>\n\t\t\t\t\t\t<\/div>\n\t\t\t\t<\/div>\n\t\t\t\t\t<\/div>\n\t\t\t\t<\/div>\n\t\t\t\t<section class=\"elementor-section elementor-top-section elementor-element elementor-element-6bc88455 elementor-section-stretched elementor-section-boxed elementor-section-height-default elementor-section-height-default\" data-id=\"6bc88455\" data-element_type=\"section\" data-e-type=\"section\" data-settings=\"{&quot;stretch_section&quot;:&quot;section-stretched&quot;,&quot;_ha_eqh_enable&quot;:false}\">\n\t\t\t\t\t\t<div class=\"elementor-container elementor-column-gap-no\">\n\t\t\t\t\t<div class=\"elementor-column elementor-col-100 elementor-top-column elementor-element elementor-element-b20ef17\" data-id=\"b20ef17\" data-element_type=\"column\" data-e-type=\"column\">\n\t\t\t<div class=\"elementor-widget-wrap elementor-element-populated\">\n\t\t\t\t\t\t<div class=\"elementor-element elementor-element-55112f82 thim-ekits-heading-text-center elementor-widget thim-ekits-heading elementor-widget-thim-heading\" data-id=\"55112f82\" data-element_type=\"widget\" data-e-type=\"widget\" data-widget_type=\"thim-heading.default\">\n\t\t\t\t<div class=\"elementor-widget-container\">\n\t\t\t\t\t<div class=\"sc_heading text-center\"><h3 class=\"title\">Compila il modulo sottostante cos\u00ec potremo conoscerti meglio. <\/h3><\/div>\t\t\t\t<\/div>\n\t\t\t\t<\/div>\n\t\t\t\t<div class=\"elementor-element elementor-element-70b52ca5 elementor-widget elementor-widget-thim-ekits-contact-form-7\" data-id=\"70b52ca5\" data-element_type=\"widget\" data-e-type=\"widget\" data-widget_type=\"thim-ekits-contact-form-7.default\">\n\t\t\t\t<div class=\"elementor-widget-container\">\n\t\t\t\t\t\t\t\t<div class=\"thim-ekit-wpcf7\">\n\t\t\t\t\n<div class=\"wpcf7 no-js\" id=\"wpcf7-f18569-o1\" lang=\"it-IT\" dir=\"ltr\" data-wpcf7-id=\"18569\">\n<div class=\"screen-reader-response\"><p role=\"status\" aria-live=\"polite\" aria-atomic=\"true\"><\/p> <ul><\/ul><\/div>\n<form action=\"\/it\/wp-json\/wp\/v2\/pages\/18668#wpcf7-f18569-o1\" method=\"post\" class=\"wpcf7-form init\" aria-label=\"Modulo di contatto\" enctype=\"multipart\/form-data\" novalidate=\"novalidate\" data-status=\"init\">\n<fieldset class=\"hidden-fields-container\"><input type=\"hidden\" name=\"_wpcf7\" value=\"18569\" \/><input type=\"hidden\" name=\"_wpcf7_version\" value=\"6.1.4\" \/><input type=\"hidden\" name=\"_wpcf7_locale\" value=\"it_IT\" \/><input type=\"hidden\" name=\"_wpcf7_unit_tag\" value=\"wpcf7-f18569-o1\" \/><input type=\"hidden\" name=\"_wpcf7_container_post\" value=\"0\" \/><input type=\"hidden\" name=\"_wpcf7_posted_data_hash\" value=\"\" \/><input type=\"hidden\" name=\"_wpcf7_recaptcha_response\" value=\"\" \/>\n<\/fieldset>\n<p><span class=\"wpcf7-form-control-wrap\" data-name=\"your-name\"><input size=\"40\" maxlength=\"400\" class=\"wpcf7-form-control wpcf7-text\" aria-invalid=\"false\" placeholder=\"Nome *\" value=\"\" type=\"text\" name=\"your-name\" \/><\/span>\n<\/p>\n<p><span class=\"wpcf7-form-control-wrap\" data-name=\"your-subject\"><input size=\"40\" maxlength=\"400\" class=\"wpcf7-form-control wpcf7-text\" aria-invalid=\"false\" placeholder=\"Oggetto *\" value=\"\" type=\"text\" name=\"your-subject\" \/><\/span>\n<\/p>\n<p><span class=\"wpcf7-form-control-wrap\" data-name=\"your-email\"><input size=\"40\" maxlength=\"400\" class=\"wpcf7-form-control wpcf7-email wpcf7-validates-as-required wpcf7-text wpcf7-validates-as-email\" aria-required=\"true\" aria-invalid=\"false\" placeholder=\"Email *\" value=\"\" type=\"email\" name=\"your-email\" \/><\/span>\n<\/p>\n<p>Il tuo curriculum * (solo PDF)<span class=\"wpcf7-form-control-wrap\" data-name=\"your-file\"><input size=\"40\" class=\"wpcf7-form-control wpcf7-file wpcf7-validates-as-required\" accept=\"application\/pdf\" aria-required=\"true\" aria-invalid=\"false\" type=\"file\" name=\"your-file\" \/><\/span>\n<\/p>\n<p><span class=\"wpcf7-form-control-wrap\" data-name=\"your-message\"><textarea cols=\"40\" rows=\"10\" maxlength=\"2000\" class=\"wpcf7-form-control wpcf7-textarea\" aria-invalid=\"false\" placeholder=\"Messaggio *\" name=\"your-message\"><\/textarea><\/span>\n<\/p>\n<p><input class=\"wpcf7-form-control wpcf7-submit has-spinner\" type=\"submit\" value=\"Invia ora\" \/>\n<\/p><div class=\"wpcf7-response-output\" aria-hidden=\"true\"><\/div>\n<\/form>\n<\/div>\n\t\t\t<\/div>\n\t\t\t\t\t\t<\/div>\n\t\t\t\t<\/div>\n\t\t\t\t\t<\/div>\n\t\t<\/div>\n\t\t\t\t\t<\/div>\n\t\t<\/section>\n\t\t\t\t<\/div>\n\t\t","protected":false},"excerpt":{"rendered":"<p>Informazioni sulla Global New Energy Academy La Global New Energy Academy \u00e8 leader mondiale nella formazione sui veicoli elettrici e sulle tecnologie verdi, supportata da investitori di alto livello e da partnership strategiche con governi nazionali e importanti attori del &hellip; <\/p>\n","protected":false},"author":1,"featured_media":0,"parent":18532,"menu_order":0,"comment_status":"closed","ping_status":"closed","template":"","meta":{"footnotes":""},"class_list":["post-18668","page","type-page","status-publish","hentry"],"yoast_head":"<!-- This site is optimized with the Yoast SEO plugin v27.4 - https:\/\/yoast.com\/product\/yoast-seo-wordpress\/ -->\n<title>Tirocinante generico - Global New Energy Academy<\/title>\n<meta name=\"robots\" content=\"index, follow, max-snippet:-1, max-image-preview:large, max-video-preview:-1\" \/>\n<link rel=\"canonical\" href=\"https:\/\/www.gneacademy.com\/it\/unisciti-a-noi\/tirocinante-generico\/\" \/>\n<meta property=\"og:locale\" content=\"it_IT\" \/>\n<meta property=\"og:type\" content=\"article\" \/>\n<meta property=\"og:title\" content=\"Tirocinante generico - Global New Energy Academy\" \/>\n<meta property=\"og:description\" content=\"Informazioni sulla Global New Energy Academy La Global New Energy Academy \u00e8 leader mondiale nella formazione sui veicoli elettrici e sulle tecnologie verdi, supportata da investitori di alto livello e da partnership strategiche con governi nazionali e importanti attori del &hellip;\" \/>\n<meta property=\"og:url\" content=\"https:\/\/www.gneacademy.com\/it\/unisciti-a-noi\/tirocinante-generico\/\" \/>\n<meta property=\"og:site_name\" content=\"Global New Energy Academy\" \/>\n<meta property=\"article:modified_time\" content=\"2025-05-15T09:05:03+00:00\" \/>\n<meta name=\"twitter:card\" content=\"summary_large_image\" \/>\n<meta name=\"twitter:label1\" content=\"Tempo di lettura stimato\" \/>\n\t<meta name=\"twitter:data1\" content=\"2 minuti\" \/>\n<script type=\"application\/ld+json\" class=\"yoast-schema-graph\">{\"@context\":\"https:\\\/\\\/schema.org\",\"@graph\":[{\"@type\":\"WebPage\",\"@id\":\"https:\\\/\\\/www.gneacademy.com\\\/it\\\/unisciti-a-noi\\\/tirocinante-generico\\\/\",\"url\":\"https:\\\/\\\/www.gneacademy.com\\\/it\\\/unisciti-a-noi\\\/tirocinante-generico\\\/\",\"name\":\"Tirocinante generico - Global New Energy Academy\",\"isPartOf\":{\"@id\":\"https:\\\/\\\/www.gneacademy.com\\\/it\\\/#website\"},\"datePublished\":\"2025-01-14T11:49:00+00:00\",\"dateModified\":\"2025-05-15T09:05:03+00:00\",\"breadcrumb\":{\"@id\":\"https:\\\/\\\/www.gneacademy.com\\\/it\\\/unisciti-a-noi\\\/tirocinante-generico\\\/#breadcrumb\"},\"inLanguage\":\"it-IT\",\"potentialAction\":[{\"@type\":\"ReadAction\",\"target\":[\"https:\\\/\\\/www.gneacademy.com\\\/it\\\/unisciti-a-noi\\\/tirocinante-generico\\\/\"]}]},{\"@type\":\"BreadcrumbList\",\"@id\":\"https:\\\/\\\/www.gneacademy.com\\\/it\\\/unisciti-a-noi\\\/tirocinante-generico\\\/#breadcrumb\",\"itemListElement\":[{\"@type\":\"ListItem\",\"position\":1,\"name\":\"Casa\",\"item\":\"https:\\\/\\\/www.gneacademy.com\\\/it\\\/casa\\\/\"},{\"@type\":\"ListItem\",\"position\":2,\"name\":\"Unisciti a noi\",\"item\":\"https:\\\/\\\/www.gneacademy.com\\\/it\\\/unisciti-a-noi\\\/\"},{\"@type\":\"ListItem\",\"position\":3,\"name\":\"Tirocinante generico\"}]},{\"@type\":\"WebSite\",\"@id\":\"https:\\\/\\\/www.gneacademy.com\\\/it\\\/#website\",\"url\":\"https:\\\/\\\/www.gneacademy.com\\\/it\\\/\",\"name\":\"Global New Energy Academy\",\"description\":\"Achieve Sustainability For Next Generations\",\"publisher\":{\"@id\":\"https:\\\/\\\/www.gneacademy.com\\\/it\\\/#organization\"},\"potentialAction\":[{\"@type\":\"SearchAction\",\"target\":{\"@type\":\"EntryPoint\",\"urlTemplate\":\"https:\\\/\\\/www.gneacademy.com\\\/it\\\/?s={search_term_string}\"},\"query-input\":{\"@type\":\"PropertyValueSpecification\",\"valueRequired\":true,\"valueName\":\"search_term_string\"}}],\"inLanguage\":\"it-IT\"},{\"@type\":\"Organization\",\"@id\":\"https:\\\/\\\/www.gneacademy.com\\\/it\\\/#organization\",\"name\":\"Global New Energy Academy\",\"url\":\"https:\\\/\\\/www.gneacademy.com\\\/it\\\/\",\"logo\":{\"@type\":\"ImageObject\",\"inLanguage\":\"it-IT\",\"@id\":\"https:\\\/\\\/www.gneacademy.com\\\/it\\\/#\\\/schema\\\/logo\\\/image\\\/\",\"url\":\"https:\\\/\\\/www.gneacademy.com\\\/wp-content\\\/uploads\\\/2024\\\/11\\\/Logo-GNEA_renv-04.png\",\"contentUrl\":\"https:\\\/\\\/www.gneacademy.com\\\/wp-content\\\/uploads\\\/2024\\\/11\\\/Logo-GNEA_renv-04.png\",\"width\":1119,\"height\":1045,\"caption\":\"Global New Energy Academy\"},\"image\":{\"@id\":\"https:\\\/\\\/www.gneacademy.com\\\/it\\\/#\\\/schema\\\/logo\\\/image\\\/\"},\"sameAs\":[\"https:\\\/\\\/www.linkedin.com\\\/company\\\/global-new-energy-academy\"]}]}<\/script>\n<!-- \/ Yoast SEO plugin. -->","yoast_head_json":{"title":"Tirocinante generico - Global New Energy Academy","robots":{"index":"index","follow":"follow","max-snippet":"max-snippet:-1","max-image-preview":"max-image-preview:large","max-video-preview":"max-video-preview:-1"},"canonical":"https:\/\/www.gneacademy.com\/it\/unisciti-a-noi\/tirocinante-generico\/","og_locale":"it_IT","og_type":"article","og_title":"Tirocinante generico - Global New Energy Academy","og_description":"Informazioni sulla Global New Energy Academy La Global New Energy Academy \u00e8 leader mondiale nella formazione sui veicoli elettrici e sulle tecnologie verdi, supportata da investitori di alto livello e da partnership strategiche con governi nazionali e importanti attori del &hellip;","og_url":"https:\/\/www.gneacademy.com\/it\/unisciti-a-noi\/tirocinante-generico\/","og_site_name":"Global New Energy Academy","article_modified_time":"2025-05-15T09:05:03+00:00","twitter_card":"summary_large_image","twitter_misc":{"Tempo di lettura stimato":"2 minuti"},"schema":{"@context":"https:\/\/schema.org","@graph":[{"@type":"WebPage","@id":"https:\/\/www.gneacademy.com\/it\/unisciti-a-noi\/tirocinante-generico\/","url":"https:\/\/www.gneacademy.com\/it\/unisciti-a-noi\/tirocinante-generico\/","name":"Tirocinante generico - Global New Energy Academy","isPartOf":{"@id":"https:\/\/www.gneacademy.com\/it\/#website"},"datePublished":"2025-01-14T11:49:00+00:00","dateModified":"2025-05-15T09:05:03+00:00","breadcrumb":{"@id":"https:\/\/www.gneacademy.com\/it\/unisciti-a-noi\/tirocinante-generico\/#breadcrumb"},"inLanguage":"it-IT","potentialAction":[{"@type":"ReadAction","target":["https:\/\/www.gneacademy.com\/it\/unisciti-a-noi\/tirocinante-generico\/"]}]},{"@type":"BreadcrumbList","@id":"https:\/\/www.gneacademy.com\/it\/unisciti-a-noi\/tirocinante-generico\/#breadcrumb","itemListElement":[{"@type":"ListItem","position":1,"name":"Casa","item":"https:\/\/www.gneacademy.com\/it\/casa\/"},{"@type":"ListItem","position":2,"name":"Unisciti a noi","item":"https:\/\/www.gneacademy.com\/it\/unisciti-a-noi\/"},{"@type":"ListItem","position":3,"name":"Tirocinante generico"}]},{"@type":"WebSite","@id":"https:\/\/www.gneacademy.com\/it\/#website","url":"https:\/\/www.gneacademy.com\/it\/","name":"Global New Energy Academy","description":"Achieve Sustainability For Next Generations","publisher":{"@id":"https:\/\/www.gneacademy.com\/it\/#organization"},"potentialAction":[{"@type":"SearchAction","target":{"@type":"EntryPoint","urlTemplate":"https:\/\/www.gneacademy.com\/it\/?s={search_term_string}"},"query-input":{"@type":"PropertyValueSpecification","valueRequired":true,"valueName":"search_term_string"}}],"inLanguage":"it-IT"},{"@type":"Organization","@id":"https:\/\/www.gneacademy.com\/it\/#organization","name":"Global New Energy Academy","url":"https:\/\/www.gneacademy.com\/it\/","logo":{"@type":"ImageObject","inLanguage":"it-IT","@id":"https:\/\/www.gneacademy.com\/it\/#\/schema\/logo\/image\/","url":"https:\/\/www.gneacademy.com\/wp-content\/uploads\/2024\/11\/Logo-GNEA_renv-04.png","contentUrl":"https:\/\/www.gneacademy.com\/wp-content\/uploads\/2024\/11\/Logo-GNEA_renv-04.png","width":1119,"height":1045,"caption":"Global New Energy Academy"},"image":{"@id":"https:\/\/www.gneacademy.com\/it\/#\/schema\/logo\/image\/"},"sameAs":["https:\/\/www.linkedin.com\/company\/global-new-energy-academy"]}]}},"_links":{"self":[{"href":"https:\/\/www.gneacademy.com\/it\/wp-json\/wp\/v2\/pages\/18668","targetHints":{"allow":["GET"]}}],"collection":[{"href":"https:\/\/www.gneacademy.com\/it\/wp-json\/wp\/v2\/pages"}],"about":[{"href":"https:\/\/www.gneacademy.com\/it\/wp-json\/wp\/v2\/types\/page"}],"author":[{"embeddable":true,"href":"https:\/\/www.gneacademy.com\/it\/wp-json\/wp\/v2\/users\/1"}],"replies":[{"embeddable":true,"href":"https:\/\/www.gneacademy.com\/it\/wp-json\/wp\/v2\/comments?post=18668"}],"version-history":[{"count":0,"href":"https:\/\/www.gneacademy.com\/it\/wp-json\/wp\/v2\/pages\/18668\/revisions"}],"up":[{"embeddable":true,"href":"https:\/\/www.gneacademy.com\/it\/wp-json\/wp\/v2\/pages\/18532"}],"wp:attachment":[{"href":"https:\/\/www.gneacademy.com\/it\/wp-json\/wp\/v2\/media?parent=18668"}],"curies":[{"name":"wp","href":"https:\/\/api.w.org\/{rel}","templated":true}]}}