{"id":18618,"date":"2025-01-14T19:54:03","date_gmt":"2025-01-14T11:54:03","guid":{"rendered":"https:\/\/www.gneacademy.com\/unisciti-a-noi\/tirocinante-legale\/"},"modified":"2025-05-14T16:47:15","modified_gmt":"2025-05-14T08:47:15","slug":"tirocinante-legale","status":"publish","type":"page","link":"https:\/\/www.gneacademy.com\/it\/unisciti-a-noi\/tirocinante-legale\/","title":{"rendered":"Tirocinante legale"},"content":{"rendered":"\t\t<div data-elementor-type=\"wp-page\" data-elementor-id=\"18618\" class=\"elementor elementor-18618 elementor-15653\" data-elementor-settings=\"{&quot;ha_cmc_init_switcher&quot;:&quot;no&quot;}\" data-elementor-post-type=\"page\">\n\t\t\t\t<div class=\"elementor-element elementor-element-798fd7ad e-flex e-con-boxed e-con e-parent\" data-id=\"798fd7ad\" data-element_type=\"container\" data-e-type=\"container\" data-settings=\"{&quot;_ha_eqh_enable&quot;:false}\">\n\t\t\t\t\t<div class=\"e-con-inner\">\n\t\t\t\t<div class=\"elementor-element elementor-element-56f3a15b elementor-widget thim-ekits-heading elementor-widget-thim-heading\" data-id=\"56f3a15b\" data-element_type=\"widget\" data-e-type=\"widget\" data-widget_type=\"thim-heading.default\">\n\t\t\t\t<div class=\"elementor-widget-container\">\n\t\t\t\t\t<div class=\"sc_heading\"><h3 class=\"title\">Informazioni sulla Global New Energy Academy <\/h3><span class=\"line\"><\/span><\/div>\t\t\t\t<\/div>\n\t\t\t\t<\/div>\n\t\t\t\t\t<\/div>\n\t\t\t\t<\/div>\n\t\t<div class=\"elementor-element elementor-element-2f1da96e e-flex e-con-boxed e-con e-parent\" data-id=\"2f1da96e\" data-element_type=\"container\" data-e-type=\"container\" data-settings=\"{&quot;_ha_eqh_enable&quot;:false}\">\n\t\t\t\t\t<div class=\"e-con-inner\">\n\t\t\t\t<div class=\"elementor-element elementor-element-2f0a02c7 elementor-widget elementor-widget-text-editor\" data-id=\"2f0a02c7\" data-element_type=\"widget\" data-e-type=\"widget\" data-widget_type=\"text-editor.default\">\n\t\t\t\t<div class=\"elementor-widget-container\">\n\t\t\t\t\t\t\t\t\t<p>La Global New Energy Academy \u00e8 leader mondiale nella formazione sui veicoli elettrici e sulle tecnologie verdi, supportata da investitori di alto livello e da partnership strategiche con governi nazionali e importanti attori del settore. La Global New Energy Academy si trova in una posizione unica per guidare la transizione verso l&#8217;educazione e la certificazione in materia di energia sostenibile in tutto il mondo. <\/p><p>Le nostre collaborazioni di alto livello con ministeri dell&#8217;istruzione ed enti governativi in \u200b\u200bdiverse regioni ci consentono di definire gli standard di settore nella formazione sui veicoli elettrici e sulle tecnologie verdi. Collaboriamo a stretto contatto con i principali produttori di veicoli elettrici e con i principali istituti di formazione, per garantire che i nostri programmi di formazione soddisfino i pi\u00f9 elevati standard del settore. <\/p><p>Con l&#8217;obiettivo di espandersi ulteriormente, la Global New Energy Academy sta ampliando la sua presenza in <strong>Australia<\/strong>, <strong>Medio Oriente<\/strong>, <strong>Asia centrale<\/strong>, <strong>Brasile<\/strong> ed <strong>Europa<\/strong>, e sta attivamente sviluppando una rete globale di centri di formazione, piattaforme formative e certificazioni di settore. Queste partnership con il settore pubblico e privato ci aiutano a offrire programmi di formazione all&#8217;avanguardia che rispondono alla crescente domanda di professionisti qualificati nel settore dell&#8217;energia pulita. <\/p><p>Presso la Global New Energy Academy, gli stagisti faranno parte di un&#8217;azienda dinamica e in rapida crescita, con grandi opportunit\u00e0 di visibilit\u00e0 globale e di crescita professionale, contribuendo alla nostra missione di accelerare la transizione verso un&#8217;energia sostenibile attraverso la formazione e la collaborazione.<\/p>\t\t\t\t\t\t\t\t<\/div>\n\t\t\t\t<\/div>\n\t\t\t\t\t<\/div>\n\t\t\t\t<\/div>\n\t\t<div class=\"elementor-element elementor-element-f047627 e-flex e-con-boxed e-con e-parent\" data-id=\"f047627\" data-element_type=\"container\" data-e-type=\"container\" data-settings=\"{&quot;_ha_eqh_enable&quot;:false}\">\n\t\t\t\t\t<div class=\"e-con-inner\">\n\t\t\t\t<div class=\"elementor-element elementor-element-44c5801e elementor-widget-divider--view-line elementor-widget elementor-widget-divider\" data-id=\"44c5801e\" data-element_type=\"widget\" data-e-type=\"widget\" data-widget_type=\"divider.default\">\n\t\t\t\t<div class=\"elementor-widget-container\">\n\t\t\t\t\t\t\t<div class=\"elementor-divider\">\n\t\t\t<span class=\"elementor-divider-separator\">\n\t\t\t\t\t\t<\/span>\n\t\t<\/div>\n\t\t\t\t\t\t<\/div>\n\t\t\t\t<\/div>\n\t\t\t\t\t<\/div>\n\t\t\t\t<\/div>\n\t\t<div class=\"elementor-element elementor-element-6699e1 e-flex e-con-boxed e-con e-parent\" data-id=\"6699e1\" data-element_type=\"container\" data-e-type=\"container\" data-settings=\"{&quot;_ha_eqh_enable&quot;:false}\">\n\t\t\t\t\t<div class=\"e-con-inner\">\n\t\t\t\t<div class=\"elementor-element elementor-element-3daf3ab2 elementor-widget thim-ekits-heading elementor-widget-thim-heading\" data-id=\"3daf3ab2\" data-element_type=\"widget\" data-e-type=\"widget\" data-widget_type=\"thim-heading.default\">\n\t\t\t\t<div class=\"elementor-widget-container\">\n\t\t\t\t\t<div class=\"sc_heading\"><h3 class=\"title\">Posizione di stagista legale <\/h3><\/div>\t\t\t\t<\/div>\n\t\t\t\t<\/div>\n\t\t\t\t\t<\/div>\n\t\t\t\t<\/div>\n\t\t<div class=\"elementor-element elementor-element-4d88dcb0 e-flex e-con-boxed e-con e-parent\" data-id=\"4d88dcb0\" data-element_type=\"container\" data-e-type=\"container\" data-settings=\"{&quot;_ha_eqh_enable&quot;:false}\">\n\t\t\t\t\t<div class=\"e-con-inner\">\n\t\t\t\t<div class=\"elementor-element elementor-element-bfae479 elementor-widget elementor-widget-text-editor\" data-id=\"bfae479\" data-element_type=\"widget\" data-e-type=\"widget\" data-widget_type=\"text-editor.default\">\n\t\t\t\t<div class=\"elementor-widget-container\">\n\t\t\t\t\t\t\t\t\t<p><strong>Background educativo<\/strong>:<\/p><p>Studenti attualmente iscritti presso le migliori universit\u00e0 o neolaureati in giurisprudenza (preferibilmente laureati nel 2024-2025).<\/p><p><strong>Competenze tecniche<\/strong>:<\/p><ol><li style=\"list-style-type: none;\"><ol><li>Familiarit\u00e0 con strumenti e metodologie di ricerca giuridica.<\/li><li>Familiarit\u00e0 con strumenti e metodologie di ricerca giuridica.<\/li><li>Familiarit\u00e0 con strumenti di analisi come Google Analytics, Meta Business Suite o analisi delle piattaforme di social media per monitorare le metriche di performance e coinvolgimento.<\/li><\/ol><\/li><\/ol><p><strong>Strumenti di collaborazione<\/strong>:<\/p><p>Competenza nell&#8217;uso di strumenti collaborativi quali Dropbox, Slack, Google Docs e piattaforme di gestione di progetti legali come Clio o LexisNexis.<\/p><p><strong>Stile di lavoro e adattabilit\u00e0<\/strong>:<\/p><ol><li style=\"list-style-type: none;\"><ol><li>Forte adattabilit\u00e0 e capacit\u00e0 di lavorare in modo indipendente in un ambiente legale dinamico, gestendo al contempo molteplici attivit\u00e0 legali.<\/li><li>Capacit\u00e0 comprovata di gestire informazioni riservate e sensibili con discrezione.<\/li><\/ol><\/li><\/ol><p><strong>Abilit\u00e0 comunicative<\/strong>:<\/p><ol><li style=\"list-style-type: none;\"><ol><li>Eccellenti capacit\u00e0 di comunicazione scritta e orale, con capacit\u00e0 di articolare argomentazioni legali e redigere documenti legali chiari.<\/li><li>Ottima conoscenza dell&#8217;inglese (sia scritto che parlato); la conoscenza di altre lingue come portoghese, arabo o russo costituisce un vantaggio.<\/li><\/ol><\/li><\/ol><p><strong>Interessi e passioni<\/strong>:<\/p><p>Appassionato di diritto, in particolare nei settori correlati alla tecnologia, alla propriet\u00e0 intellettuale o al diritto ambientale.<\/p><p><strong>Impegno di tempo<\/strong>:<\/p><p>Disponibilit\u00e0 a lavorare 3-5 giorni alla settimana, con flessibilit\u00e0 per adattarsi alle esigenze dell&#8217;ufficio legale.<\/p><p><strong>Come candidarsi<\/strong>: inviare il curriculum tramite il modulo di contatto qui sotto, specificando quanto segue nell&#8217;oggetto:<\/p><ul><li>Universit\u00e0 + Posizione (ad esempio, JohnDoe_UniversityXYZ_LegalIntern)<\/li><\/ul><p>Per qualsiasi domanda, non esitate a contattarci.<\/p>\t\t\t\t\t\t\t\t<\/div>\n\t\t\t\t<\/div>\n\t\t\t\t<div class=\"elementor-element elementor-element-25fda47d elementor-widget-divider--view-line elementor-widget elementor-widget-divider\" data-id=\"25fda47d\" data-element_type=\"widget\" data-e-type=\"widget\" data-widget_type=\"divider.default\">\n\t\t\t\t<div class=\"elementor-widget-container\">\n\t\t\t\t\t\t\t<div class=\"elementor-divider\">\n\t\t\t<span class=\"elementor-divider-separator\">\n\t\t\t\t\t\t<\/span>\n\t\t<\/div>\n\t\t\t\t\t\t<\/div>\n\t\t\t\t<\/div>\n\t\t\t\t\t<\/div>\n\t\t\t\t<\/div>\n\t\t\t\t<section class=\"elementor-section elementor-top-section elementor-element elementor-element-751c25e4 elementor-section-stretched elementor-section-boxed elementor-section-height-default elementor-section-height-default\" data-id=\"751c25e4\" data-element_type=\"section\" data-e-type=\"section\" data-settings=\"{&quot;stretch_section&quot;:&quot;section-stretched&quot;,&quot;_ha_eqh_enable&quot;:false}\">\n\t\t\t\t\t\t<div class=\"elementor-container elementor-column-gap-no\">\n\t\t\t\t\t<div class=\"elementor-column elementor-col-100 elementor-top-column elementor-element elementor-element-19376326\" data-id=\"19376326\" data-element_type=\"column\" data-e-type=\"column\">\n\t\t\t<div class=\"elementor-widget-wrap elementor-element-populated\">\n\t\t\t\t\t\t<div class=\"elementor-element elementor-element-36238bb thim-ekits-heading-text-center elementor-widget thim-ekits-heading elementor-widget-thim-heading\" data-id=\"36238bb\" data-element_type=\"widget\" data-e-type=\"widget\" data-widget_type=\"thim-heading.default\">\n\t\t\t\t<div class=\"elementor-widget-container\">\n\t\t\t\t\t<div class=\"sc_heading text-center\"><h3 class=\"title\">Compila il modulo sottostante cos\u00ec potremo conoscerti meglio. <\/h3><\/div>\t\t\t\t<\/div>\n\t\t\t\t<\/div>\n\t\t\t\t<div class=\"elementor-element elementor-element-57ee7d02 elementor-widget elementor-widget-thim-ekits-contact-form-7\" data-id=\"57ee7d02\" data-element_type=\"widget\" data-e-type=\"widget\" data-widget_type=\"thim-ekits-contact-form-7.default\">\n\t\t\t\t<div class=\"elementor-widget-container\">\n\t\t\t\t\t\t\t\t<div class=\"thim-ekit-wpcf7\">\n\t\t\t\t\n<div class=\"wpcf7 no-js\" id=\"wpcf7-f18569-o1\" lang=\"it-IT\" dir=\"ltr\" data-wpcf7-id=\"18569\">\n<div class=\"screen-reader-response\"><p role=\"status\" aria-live=\"polite\" aria-atomic=\"true\"><\/p> <ul><\/ul><\/div>\n<form action=\"\/it\/wp-json\/wp\/v2\/pages\/18618#wpcf7-f18569-o1\" method=\"post\" class=\"wpcf7-form init\" aria-label=\"Modulo di contatto\" enctype=\"multipart\/form-data\" novalidate=\"novalidate\" data-status=\"init\">\n<fieldset class=\"hidden-fields-container\"><input type=\"hidden\" name=\"_wpcf7\" value=\"18569\" \/><input type=\"hidden\" name=\"_wpcf7_version\" value=\"6.1.4\" \/><input type=\"hidden\" name=\"_wpcf7_locale\" value=\"it_IT\" \/><input type=\"hidden\" name=\"_wpcf7_unit_tag\" value=\"wpcf7-f18569-o1\" \/><input type=\"hidden\" name=\"_wpcf7_container_post\" value=\"0\" \/><input type=\"hidden\" name=\"_wpcf7_posted_data_hash\" value=\"\" \/><input type=\"hidden\" name=\"_wpcf7_recaptcha_response\" value=\"\" \/>\n<\/fieldset>\n<p><span class=\"wpcf7-form-control-wrap\" data-name=\"your-name\"><input size=\"40\" maxlength=\"400\" class=\"wpcf7-form-control wpcf7-text\" aria-invalid=\"false\" placeholder=\"Nome *\" value=\"\" type=\"text\" name=\"your-name\" \/><\/span>\n<\/p>\n<p><span class=\"wpcf7-form-control-wrap\" data-name=\"your-subject\"><input size=\"40\" maxlength=\"400\" class=\"wpcf7-form-control wpcf7-text\" aria-invalid=\"false\" placeholder=\"Oggetto *\" value=\"\" type=\"text\" name=\"your-subject\" \/><\/span>\n<\/p>\n<p><span class=\"wpcf7-form-control-wrap\" data-name=\"your-email\"><input size=\"40\" maxlength=\"400\" class=\"wpcf7-form-control wpcf7-email wpcf7-validates-as-required wpcf7-text wpcf7-validates-as-email\" aria-required=\"true\" aria-invalid=\"false\" placeholder=\"Email *\" value=\"\" type=\"email\" name=\"your-email\" \/><\/span>\n<\/p>\n<p>Il tuo curriculum * (solo PDF)<span class=\"wpcf7-form-control-wrap\" data-name=\"your-file\"><input size=\"40\" class=\"wpcf7-form-control wpcf7-file wpcf7-validates-as-required\" accept=\"application\/pdf\" aria-required=\"true\" aria-invalid=\"false\" type=\"file\" name=\"your-file\" \/><\/span>\n<\/p>\n<p><span class=\"wpcf7-form-control-wrap\" data-name=\"your-message\"><textarea cols=\"40\" rows=\"10\" maxlength=\"2000\" class=\"wpcf7-form-control wpcf7-textarea\" aria-invalid=\"false\" placeholder=\"Messaggio *\" name=\"your-message\"><\/textarea><\/span>\n<\/p>\n<p><input class=\"wpcf7-form-control wpcf7-submit has-spinner\" type=\"submit\" value=\"Invia ora\" \/>\n<\/p><div class=\"wpcf7-response-output\" aria-hidden=\"true\"><\/div>\n<\/form>\n<\/div>\n\t\t\t<\/div>\n\t\t\t\t\t\t<\/div>\n\t\t\t\t<\/div>\n\t\t\t\t\t<\/div>\n\t\t<\/div>\n\t\t\t\t\t<\/div>\n\t\t<\/section>\n\t\t\t\t<\/div>\n\t\t","protected":false},"excerpt":{"rendered":"<p>Informazioni sulla Global New Energy Academy La Global New Energy Academy \u00e8 leader mondiale nella formazione sui veicoli elettrici e sulle tecnologie verdi, supportata da investitori di alto livello e da partnership strategiche con governi nazionali e importanti attori del &hellip; <\/p>\n","protected":false},"author":1,"featured_media":0,"parent":18532,"menu_order":0,"comment_status":"closed","ping_status":"closed","template":"","meta":{"footnotes":""},"class_list":["post-18618","page","type-page","status-publish","hentry"],"yoast_head":"<!-- This site is optimized with the Yoast SEO plugin v27.4 - https:\/\/yoast.com\/product\/yoast-seo-wordpress\/ -->\n<title>Tirocinante legale - Global New Energy Academy<\/title>\n<meta name=\"robots\" content=\"index, follow, max-snippet:-1, max-image-preview:large, max-video-preview:-1\" \/>\n<link rel=\"canonical\" href=\"https:\/\/www.gneacademy.com\/it\/unisciti-a-noi\/tirocinante-legale\/\" \/>\n<meta property=\"og:locale\" content=\"it_IT\" \/>\n<meta property=\"og:type\" content=\"article\" \/>\n<meta property=\"og:title\" content=\"Tirocinante legale - Global New Energy Academy\" \/>\n<meta property=\"og:description\" content=\"Informazioni sulla Global New Energy Academy La Global New Energy Academy \u00e8 leader mondiale nella formazione sui veicoli elettrici e sulle tecnologie verdi, supportata da investitori di alto livello e da partnership strategiche con governi nazionali e importanti attori del &hellip;\" \/>\n<meta property=\"og:url\" content=\"https:\/\/www.gneacademy.com\/it\/unisciti-a-noi\/tirocinante-legale\/\" \/>\n<meta property=\"og:site_name\" content=\"Global New Energy Academy\" \/>\n<meta property=\"article:modified_time\" content=\"2025-05-14T08:47:15+00:00\" \/>\n<meta name=\"twitter:card\" content=\"summary_large_image\" \/>\n<meta name=\"twitter:label1\" content=\"Tempo di lettura stimato\" \/>\n\t<meta name=\"twitter:data1\" content=\"2 minuti\" \/>\n<script type=\"application\/ld+json\" class=\"yoast-schema-graph\">{\"@context\":\"https:\\\/\\\/schema.org\",\"@graph\":[{\"@type\":\"WebPage\",\"@id\":\"https:\\\/\\\/www.gneacademy.com\\\/it\\\/unisciti-a-noi\\\/tirocinante-legale\\\/\",\"url\":\"https:\\\/\\\/www.gneacademy.com\\\/it\\\/unisciti-a-noi\\\/tirocinante-legale\\\/\",\"name\":\"Tirocinante legale - Global New Energy Academy\",\"isPartOf\":{\"@id\":\"https:\\\/\\\/www.gneacademy.com\\\/it\\\/#website\"},\"datePublished\":\"2025-01-14T11:54:03+00:00\",\"dateModified\":\"2025-05-14T08:47:15+00:00\",\"breadcrumb\":{\"@id\":\"https:\\\/\\\/www.gneacademy.com\\\/it\\\/unisciti-a-noi\\\/tirocinante-legale\\\/#breadcrumb\"},\"inLanguage\":\"it-IT\",\"potentialAction\":[{\"@type\":\"ReadAction\",\"target\":[\"https:\\\/\\\/www.gneacademy.com\\\/it\\\/unisciti-a-noi\\\/tirocinante-legale\\\/\"]}]},{\"@type\":\"BreadcrumbList\",\"@id\":\"https:\\\/\\\/www.gneacademy.com\\\/it\\\/unisciti-a-noi\\\/tirocinante-legale\\\/#breadcrumb\",\"itemListElement\":[{\"@type\":\"ListItem\",\"position\":1,\"name\":\"Casa\",\"item\":\"https:\\\/\\\/www.gneacademy.com\\\/it\\\/casa\\\/\"},{\"@type\":\"ListItem\",\"position\":2,\"name\":\"Unisciti a noi\",\"item\":\"https:\\\/\\\/www.gneacademy.com\\\/it\\\/unisciti-a-noi\\\/\"},{\"@type\":\"ListItem\",\"position\":3,\"name\":\"Tirocinante legale\"}]},{\"@type\":\"WebSite\",\"@id\":\"https:\\\/\\\/www.gneacademy.com\\\/it\\\/#website\",\"url\":\"https:\\\/\\\/www.gneacademy.com\\\/it\\\/\",\"name\":\"Global New Energy Academy\",\"description\":\"Achieve Sustainability For Next Generations\",\"publisher\":{\"@id\":\"https:\\\/\\\/www.gneacademy.com\\\/it\\\/#organization\"},\"potentialAction\":[{\"@type\":\"SearchAction\",\"target\":{\"@type\":\"EntryPoint\",\"urlTemplate\":\"https:\\\/\\\/www.gneacademy.com\\\/it\\\/?s={search_term_string}\"},\"query-input\":{\"@type\":\"PropertyValueSpecification\",\"valueRequired\":true,\"valueName\":\"search_term_string\"}}],\"inLanguage\":\"it-IT\"},{\"@type\":\"Organization\",\"@id\":\"https:\\\/\\\/www.gneacademy.com\\\/it\\\/#organization\",\"name\":\"Global New Energy Academy\",\"url\":\"https:\\\/\\\/www.gneacademy.com\\\/it\\\/\",\"logo\":{\"@type\":\"ImageObject\",\"inLanguage\":\"it-IT\",\"@id\":\"https:\\\/\\\/www.gneacademy.com\\\/it\\\/#\\\/schema\\\/logo\\\/image\\\/\",\"url\":\"https:\\\/\\\/www.gneacademy.com\\\/wp-content\\\/uploads\\\/2024\\\/11\\\/Logo-GNEA_renv-04.png\",\"contentUrl\":\"https:\\\/\\\/www.gneacademy.com\\\/wp-content\\\/uploads\\\/2024\\\/11\\\/Logo-GNEA_renv-04.png\",\"width\":1119,\"height\":1045,\"caption\":\"Global New Energy Academy\"},\"image\":{\"@id\":\"https:\\\/\\\/www.gneacademy.com\\\/it\\\/#\\\/schema\\\/logo\\\/image\\\/\"},\"sameAs\":[\"https:\\\/\\\/www.linkedin.com\\\/company\\\/global-new-energy-academy\"]}]}<\/script>\n<!-- \/ Yoast SEO plugin. -->","yoast_head_json":{"title":"Tirocinante legale - Global New Energy Academy","robots":{"index":"index","follow":"follow","max-snippet":"max-snippet:-1","max-image-preview":"max-image-preview:large","max-video-preview":"max-video-preview:-1"},"canonical":"https:\/\/www.gneacademy.com\/it\/unisciti-a-noi\/tirocinante-legale\/","og_locale":"it_IT","og_type":"article","og_title":"Tirocinante legale - Global New Energy Academy","og_description":"Informazioni sulla Global New Energy Academy La Global New Energy Academy \u00e8 leader mondiale nella formazione sui veicoli elettrici e sulle tecnologie verdi, supportata da investitori di alto livello e da partnership strategiche con governi nazionali e importanti attori del &hellip;","og_url":"https:\/\/www.gneacademy.com\/it\/unisciti-a-noi\/tirocinante-legale\/","og_site_name":"Global New Energy Academy","article_modified_time":"2025-05-14T08:47:15+00:00","twitter_card":"summary_large_image","twitter_misc":{"Tempo di lettura stimato":"2 minuti"},"schema":{"@context":"https:\/\/schema.org","@graph":[{"@type":"WebPage","@id":"https:\/\/www.gneacademy.com\/it\/unisciti-a-noi\/tirocinante-legale\/","url":"https:\/\/www.gneacademy.com\/it\/unisciti-a-noi\/tirocinante-legale\/","name":"Tirocinante legale - Global New Energy Academy","isPartOf":{"@id":"https:\/\/www.gneacademy.com\/it\/#website"},"datePublished":"2025-01-14T11:54:03+00:00","dateModified":"2025-05-14T08:47:15+00:00","breadcrumb":{"@id":"https:\/\/www.gneacademy.com\/it\/unisciti-a-noi\/tirocinante-legale\/#breadcrumb"},"inLanguage":"it-IT","potentialAction":[{"@type":"ReadAction","target":["https:\/\/www.gneacademy.com\/it\/unisciti-a-noi\/tirocinante-legale\/"]}]},{"@type":"BreadcrumbList","@id":"https:\/\/www.gneacademy.com\/it\/unisciti-a-noi\/tirocinante-legale\/#breadcrumb","itemListElement":[{"@type":"ListItem","position":1,"name":"Casa","item":"https:\/\/www.gneacademy.com\/it\/casa\/"},{"@type":"ListItem","position":2,"name":"Unisciti a noi","item":"https:\/\/www.gneacademy.com\/it\/unisciti-a-noi\/"},{"@type":"ListItem","position":3,"name":"Tirocinante legale"}]},{"@type":"WebSite","@id":"https:\/\/www.gneacademy.com\/it\/#website","url":"https:\/\/www.gneacademy.com\/it\/","name":"Global New Energy Academy","description":"Achieve Sustainability For Next Generations","publisher":{"@id":"https:\/\/www.gneacademy.com\/it\/#organization"},"potentialAction":[{"@type":"SearchAction","target":{"@type":"EntryPoint","urlTemplate":"https:\/\/www.gneacademy.com\/it\/?s={search_term_string}"},"query-input":{"@type":"PropertyValueSpecification","valueRequired":true,"valueName":"search_term_string"}}],"inLanguage":"it-IT"},{"@type":"Organization","@id":"https:\/\/www.gneacademy.com\/it\/#organization","name":"Global New Energy Academy","url":"https:\/\/www.gneacademy.com\/it\/","logo":{"@type":"ImageObject","inLanguage":"it-IT","@id":"https:\/\/www.gneacademy.com\/it\/#\/schema\/logo\/image\/","url":"https:\/\/www.gneacademy.com\/wp-content\/uploads\/2024\/11\/Logo-GNEA_renv-04.png","contentUrl":"https:\/\/www.gneacademy.com\/wp-content\/uploads\/2024\/11\/Logo-GNEA_renv-04.png","width":1119,"height":1045,"caption":"Global New Energy Academy"},"image":{"@id":"https:\/\/www.gneacademy.com\/it\/#\/schema\/logo\/image\/"},"sameAs":["https:\/\/www.linkedin.com\/company\/global-new-energy-academy"]}]}},"_links":{"self":[{"href":"https:\/\/www.gneacademy.com\/it\/wp-json\/wp\/v2\/pages\/18618","targetHints":{"allow":["GET"]}}],"collection":[{"href":"https:\/\/www.gneacademy.com\/it\/wp-json\/wp\/v2\/pages"}],"about":[{"href":"https:\/\/www.gneacademy.com\/it\/wp-json\/wp\/v2\/types\/page"}],"author":[{"embeddable":true,"href":"https:\/\/www.gneacademy.com\/it\/wp-json\/wp\/v2\/users\/1"}],"replies":[{"embeddable":true,"href":"https:\/\/www.gneacademy.com\/it\/wp-json\/wp\/v2\/comments?post=18618"}],"version-history":[{"count":0,"href":"https:\/\/www.gneacademy.com\/it\/wp-json\/wp\/v2\/pages\/18618\/revisions"}],"up":[{"embeddable":true,"href":"https:\/\/www.gneacademy.com\/it\/wp-json\/wp\/v2\/pages\/18532"}],"wp:attachment":[{"href":"https:\/\/www.gneacademy.com\/it\/wp-json\/wp\/v2\/media?parent=18618"}],"curies":[{"name":"wp","href":"https:\/\/api.w.org\/{rel}","templated":true}]}}