{"id":18820,"date":"2024-11-26T17:08:28","date_gmt":"2024-11-26T09:08:28","guid":{"rendered":"https:\/\/www.gneacademy.com\/conditions\/"},"modified":"2025-05-16T15:12:48","modified_gmt":"2025-05-16T07:12:48","slug":"conditions","status":"publish","type":"page","link":"https:\/\/www.gneacademy.com\/fr\/conditions\/","title":{"rendered":"Conditions"},"content":{"rendered":"\t\t<div data-elementor-type=\"wp-page\" data-elementor-id=\"18820\" class=\"elementor elementor-18820 elementor-805\" data-elementor-settings=\"{&quot;ha_cmc_init_switcher&quot;:&quot;no&quot;}\" data-elementor-post-type=\"page\">\n\t\t\t\t<div class=\"elementor-element elementor-element-8efeb9b e-flex e-con-boxed e-con e-parent\" data-id=\"8efeb9b\" data-element_type=\"container\" data-e-type=\"container\" data-settings=\"{&quot;_ha_eqh_enable&quot;:false}\">\n\t\t\t\t\t<div class=\"e-con-inner\">\n\t\t\t\t<div class=\"elementor-element elementor-element-1c7beba elementor-widget thim-ekits-heading elementor-widget-thim-heading\" data-id=\"1c7beba\" data-element_type=\"widget\" data-e-type=\"widget\" data-widget_type=\"thim-heading.default\">\n\t\t\t\t<div class=\"elementor-widget-container\">\n\t\t\t\t\t<div class=\"sc_heading\"><h2 class=\"title\">Termes et conditions <\/h2><span class=\"line\"><\/span><\/div>\t\t\t\t<\/div>\n\t\t\t\t<\/div>\n\t\t\t\t<div class=\"elementor-element elementor-element-ec6d3af elementor-widget elementor-widget-text-editor\" data-id=\"ec6d3af\" data-element_type=\"widget\" data-e-type=\"widget\" data-widget_type=\"text-editor.default\">\n\t\t\t\t<div class=\"elementor-widget-container\">\n\t\t\t\t\t\t\t\t\t<p>Bienvenue chez <strong>Global New Energy Academy<\/strong> (<strong><a href=\"https:\/\/www.gneacademy.com\/fr\/\" target=\"_new\" rel=\"noopener\">https:\/\/www.gneacademy.com<\/a><\/strong>). En acc\u00e9dant \u00e0 notre site web et en l&rsquo;utilisant, vous acceptez les conditions g\u00e9n\u00e9rales suivantes. Veuillez les lire attentivement avant d&rsquo;utiliser le site.  <\/p>\t\t\t\t\t\t\t\t<\/div>\n\t\t\t\t<\/div>\n\t\t\t\t<div class=\"elementor-element elementor-element-d10c5a4 elementor-widget elementor-widget-text-editor\" data-id=\"d10c5a4\" data-element_type=\"widget\" data-e-type=\"widget\" data-widget_type=\"text-editor.default\">\n\t\t\t\t<div class=\"elementor-widget-container\">\n\t\t\t\t\t\t\t\t\t<h3><strong>1. Introduction<\/strong><\/h3><p>Ce site web est d\u00e9tenu et exploit\u00e9 par <strong>Global New Energy Academy<\/strong>. Son objectif principal est de fournir des ressources d&rsquo;information et des perspectives commerciales li\u00e9es \u00e0 l&rsquo;\u00e9ducation et aux \u00e9nergies vertes. En utilisant notre site, vous acceptez de vous conformer aux pr\u00e9sentes conditions g\u00e9n\u00e9rales.  <\/p><hr><h3><strong>2. Utilisation du site Web<\/strong><\/h3><ul><li>Ce site Web est destin\u00e9 \u00e0 \u00eatre utilis\u00e9 par le grand public, les \u00e9tudiants et les entreprises.<\/li><li>Il n&rsquo;y a aucune restriction d&rsquo;\u00e2ge pour acc\u00e9der au site Web.<\/li><li>Il est interdit aux utilisateurs de se livrer \u00e0 du spam, \u00e0 des activit\u00e9s ill\u00e9gales ou \u00e0 tout comportement perturbant la fonctionnalit\u00e9 du site Web.<\/li><\/ul><hr><h3><strong>3. Propri\u00e9t\u00e9 intellectuelle<\/strong><\/h3><ul><li>Tout le contenu, y compris le texte, les images et les vid\u00e9os, appartient \u00e0 <strong>Global New Energy Academy<\/strong> ou provient de biblioth\u00e8ques gratuites avec autorisation.<\/li><li>Les utilisateurs ne peuvent pas r\u00e9utiliser, reproduire ou partager le contenu sans le consentement \u00e9crit pr\u00e9alable de <strong>Global New Energy Academy<\/strong>.<\/li><li>Ce site Web n&rsquo;autorise pas le contenu g\u00e9n\u00e9r\u00e9 par les utilisateurs, tel que les critiques, les commentaires ou les t\u00e9l\u00e9chargements.<\/li><\/ul><hr><h3><strong>4. Confidentialit\u00e9 et collecte de donn\u00e9es<\/strong><\/h3><ul><li>Nous collectons des informations personnelles limit\u00e9es, y compris des noms et des adresses e-mail, qui sont stock\u00e9es en toute s\u00e9curit\u00e9 sur des serveurs h\u00e9berg\u00e9s par <a href=\"https:\/\/www.hostinger.com\/\"><strong>Hostinger<\/strong><\/a>.<\/li><li>Nous ne partageons pas les donn\u00e9es des utilisateurs avec des tiers.<\/li><li>Pour plus de d\u00e9tails sur la mani\u00e8re dont nous traitons les donn\u00e9es, veuillez consulter notre <a href=\"https:\/\/www.gneacademy.com\/fr\/confidentialite\/\">politique de confidentialit\u00e9<\/a>.<\/li><\/ul><hr><h3><strong>5. Clause de non-responsabilit\u00e9<\/strong><\/h3><ul><li><strong>Global New Energy Academy<\/strong> ne donne aucune garantie quant \u00e0 l&rsquo;exactitude ou \u00e0 l&rsquo;exhaustivit\u00e9 des informations fournies sur le site Web.<\/li><li>Bien que nous nous efforcions de garantir que le site soit op\u00e9rationnel, nous ne sommes pas responsables des perturbations, des erreurs ou des probl\u00e8mes techniques.<\/li><\/ul><hr><h3><strong>6. Loi applicable<\/strong><\/h3><ul><li>Les pr\u00e9sentes conditions g\u00e9n\u00e9rales sont r\u00e9gies par les lois de <strong>Singapour<\/strong>.<\/li><li>Tout litige d\u00e9coulant des pr\u00e9sentes conditions sera r\u00e9solu sous la juridiction des tribunaux de <strong>Singapour<\/strong>.<\/li><\/ul><hr><h3><strong>7. Modifications des conditions<\/strong><\/h3><ul><li><strong>Global New Energy Academy<\/strong> se r\u00e9serve le droit de mettre \u00e0 jour ou de modifier ces conditions g\u00e9n\u00e9rales \u00e0 tout moment.<\/li><li>L&rsquo;utilisation continue du site Web apr\u00e8s toute mise \u00e0 jour constitue l&rsquo;acceptation des conditions r\u00e9vis\u00e9es.<\/li><\/ul><hr><h3><strong>8. Coordonn\u00e9es<\/strong><\/h3><p>Pour toute question concernant les pr\u00e9sentes Conditions g\u00e9n\u00e9rales, veuillez nous contacter \u00e0 l&rsquo;adresse suivante :<br><strong>Email:<\/strong> <a rel=\"noopener\">contact@gneacademy.com<\/a><\/p><hr><h3><strong>9. Comportement interdit<\/strong><\/h3><ul><li>Les utilisateurs ne doivent pas se livrer \u00e0 du spam, \u00e0 des activit\u00e9s ill\u00e9gales ou \u00e0 toute action qui perturbe la fonctionnalit\u00e9 du site Web.<\/li><\/ul>\t\t\t\t\t\t\t\t<\/div>\n\t\t\t\t<\/div>\n\t\t\t\t\t<\/div>\n\t\t\t\t<\/div>\n\t\t\t\t<\/div>\n\t\t","protected":false},"excerpt":{"rendered":"<p>Termes et conditions Bienvenue chez Global New Energy Academy (https:\/\/www.gneacademy.com). En acc\u00e9dant \u00e0 notre site web et en l&rsquo;utilisant, vous acceptez les conditions g\u00e9n\u00e9rales suivantes. Veuillez les lire attentivement avant d&rsquo;utiliser le site. 1. Introduction Ce site web est d\u00e9tenu &hellip; <\/p>\n","protected":false},"author":1,"featured_media":0,"parent":0,"menu_order":0,"comment_status":"closed","ping_status":"closed","template":"","meta":{"footnotes":""},"class_list":["post-18820","page","type-page","status-publish","hentry"],"yoast_head":"<!-- This site is optimized with the Yoast SEO plugin v27.4 - https:\/\/yoast.com\/product\/yoast-seo-wordpress\/ -->\n<title>Conditions - Global New Energy Academy<\/title>\n<meta name=\"robots\" content=\"noindex, nofollow\" \/>\n<meta property=\"og:locale\" content=\"fr_FR\" \/>\n<meta property=\"og:type\" content=\"article\" \/>\n<meta property=\"og:title\" content=\"Conditions - Global New Energy Academy\" \/>\n<meta property=\"og:description\" content=\"Termes et conditions Bienvenue chez Global New Energy Academy (https:\/\/www.gneacademy.com). En acc\u00e9dant \u00e0 notre site web et en l&rsquo;utilisant, vous acceptez les conditions g\u00e9n\u00e9rales suivantes. Veuillez les lire attentivement avant d&rsquo;utiliser le site. 1. Introduction Ce site web est d\u00e9tenu &hellip;\" \/>\n<meta property=\"og:url\" content=\"https:\/\/www.gneacademy.com\/fr\/conditions\/\" \/>\n<meta property=\"og:site_name\" content=\"Global New Energy Academy\" \/>\n<meta property=\"article:modified_time\" content=\"2025-05-16T07:12:48+00:00\" \/>\n<meta name=\"twitter:card\" content=\"summary_large_image\" \/>\n<meta name=\"twitter:label1\" content=\"Dur\u00e9e de lecture estim\u00e9e\" \/>\n\t<meta name=\"twitter:data1\" content=\"2 minutes\" \/>\n<script type=\"application\/ld+json\" class=\"yoast-schema-graph\">{\"@context\":\"https:\\\/\\\/schema.org\",\"@graph\":[{\"@type\":\"WebPage\",\"@id\":\"https:\\\/\\\/www.gneacademy.com\\\/fr\\\/conditions\\\/\",\"url\":\"https:\\\/\\\/www.gneacademy.com\\\/fr\\\/conditions\\\/\",\"name\":\"Conditions - Global New Energy Academy\",\"isPartOf\":{\"@id\":\"https:\\\/\\\/www.gneacademy.com\\\/fr\\\/#website\"},\"datePublished\":\"2024-11-26T09:08:28+00:00\",\"dateModified\":\"2025-05-16T07:12:48+00:00\",\"breadcrumb\":{\"@id\":\"https:\\\/\\\/www.gneacademy.com\\\/fr\\\/conditions\\\/#breadcrumb\"},\"inLanguage\":\"fr-FR\",\"potentialAction\":[{\"@type\":\"ReadAction\",\"target\":[\"https:\\\/\\\/www.gneacademy.com\\\/fr\\\/conditions\\\/\"]}]},{\"@type\":\"BreadcrumbList\",\"@id\":\"https:\\\/\\\/www.gneacademy.com\\\/fr\\\/conditions\\\/#breadcrumb\",\"itemListElement\":[{\"@type\":\"ListItem\",\"position\":1,\"name\":\"Accueil\",\"item\":\"https:\\\/\\\/www.gneacademy.com\\\/fr\\\/accueil\\\/\"},{\"@type\":\"ListItem\",\"position\":2,\"name\":\"Conditions\"}]},{\"@type\":\"WebSite\",\"@id\":\"https:\\\/\\\/www.gneacademy.com\\\/fr\\\/#website\",\"url\":\"https:\\\/\\\/www.gneacademy.com\\\/fr\\\/\",\"name\":\"Global New Energy Academy\",\"description\":\"Achieve Sustainability For Next Generations\",\"publisher\":{\"@id\":\"https:\\\/\\\/www.gneacademy.com\\\/fr\\\/#organization\"},\"potentialAction\":[{\"@type\":\"SearchAction\",\"target\":{\"@type\":\"EntryPoint\",\"urlTemplate\":\"https:\\\/\\\/www.gneacademy.com\\\/fr\\\/?s={search_term_string}\"},\"query-input\":{\"@type\":\"PropertyValueSpecification\",\"valueRequired\":true,\"valueName\":\"search_term_string\"}}],\"inLanguage\":\"fr-FR\"},{\"@type\":\"Organization\",\"@id\":\"https:\\\/\\\/www.gneacademy.com\\\/fr\\\/#organization\",\"name\":\"Global New Energy Academy\",\"url\":\"https:\\\/\\\/www.gneacademy.com\\\/fr\\\/\",\"logo\":{\"@type\":\"ImageObject\",\"inLanguage\":\"fr-FR\",\"@id\":\"https:\\\/\\\/www.gneacademy.com\\\/fr\\\/#\\\/schema\\\/logo\\\/image\\\/\",\"url\":\"https:\\\/\\\/www.gneacademy.com\\\/wp-content\\\/uploads\\\/2024\\\/11\\\/Logo-GNEA_renv-04.png\",\"contentUrl\":\"https:\\\/\\\/www.gneacademy.com\\\/wp-content\\\/uploads\\\/2024\\\/11\\\/Logo-GNEA_renv-04.png\",\"width\":1119,\"height\":1045,\"caption\":\"Global New Energy Academy\"},\"image\":{\"@id\":\"https:\\\/\\\/www.gneacademy.com\\\/fr\\\/#\\\/schema\\\/logo\\\/image\\\/\"},\"sameAs\":[\"https:\\\/\\\/www.linkedin.com\\\/company\\\/global-new-energy-academy\"]}]}<\/script>\n<!-- \/ Yoast SEO plugin. -->","yoast_head_json":{"title":"Conditions - Global New Energy Academy","robots":{"index":"noindex","follow":"nofollow"},"og_locale":"fr_FR","og_type":"article","og_title":"Conditions - Global New Energy Academy","og_description":"Termes et conditions Bienvenue chez Global New Energy Academy (https:\/\/www.gneacademy.com). En acc\u00e9dant \u00e0 notre site web et en l&rsquo;utilisant, vous acceptez les conditions g\u00e9n\u00e9rales suivantes. Veuillez les lire attentivement avant d&rsquo;utiliser le site. 1. Introduction Ce site web est d\u00e9tenu &hellip;","og_url":"https:\/\/www.gneacademy.com\/fr\/conditions\/","og_site_name":"Global New Energy Academy","article_modified_time":"2025-05-16T07:12:48+00:00","twitter_card":"summary_large_image","twitter_misc":{"Dur\u00e9e de lecture estim\u00e9e":"2 minutes"},"schema":{"@context":"https:\/\/schema.org","@graph":[{"@type":"WebPage","@id":"https:\/\/www.gneacademy.com\/fr\/conditions\/","url":"https:\/\/www.gneacademy.com\/fr\/conditions\/","name":"Conditions - Global New Energy Academy","isPartOf":{"@id":"https:\/\/www.gneacademy.com\/fr\/#website"},"datePublished":"2024-11-26T09:08:28+00:00","dateModified":"2025-05-16T07:12:48+00:00","breadcrumb":{"@id":"https:\/\/www.gneacademy.com\/fr\/conditions\/#breadcrumb"},"inLanguage":"fr-FR","potentialAction":[{"@type":"ReadAction","target":["https:\/\/www.gneacademy.com\/fr\/conditions\/"]}]},{"@type":"BreadcrumbList","@id":"https:\/\/www.gneacademy.com\/fr\/conditions\/#breadcrumb","itemListElement":[{"@type":"ListItem","position":1,"name":"Accueil","item":"https:\/\/www.gneacademy.com\/fr\/accueil\/"},{"@type":"ListItem","position":2,"name":"Conditions"}]},{"@type":"WebSite","@id":"https:\/\/www.gneacademy.com\/fr\/#website","url":"https:\/\/www.gneacademy.com\/fr\/","name":"Global New Energy Academy","description":"Achieve Sustainability For Next Generations","publisher":{"@id":"https:\/\/www.gneacademy.com\/fr\/#organization"},"potentialAction":[{"@type":"SearchAction","target":{"@type":"EntryPoint","urlTemplate":"https:\/\/www.gneacademy.com\/fr\/?s={search_term_string}"},"query-input":{"@type":"PropertyValueSpecification","valueRequired":true,"valueName":"search_term_string"}}],"inLanguage":"fr-FR"},{"@type":"Organization","@id":"https:\/\/www.gneacademy.com\/fr\/#organization","name":"Global New Energy Academy","url":"https:\/\/www.gneacademy.com\/fr\/","logo":{"@type":"ImageObject","inLanguage":"fr-FR","@id":"https:\/\/www.gneacademy.com\/fr\/#\/schema\/logo\/image\/","url":"https:\/\/www.gneacademy.com\/wp-content\/uploads\/2024\/11\/Logo-GNEA_renv-04.png","contentUrl":"https:\/\/www.gneacademy.com\/wp-content\/uploads\/2024\/11\/Logo-GNEA_renv-04.png","width":1119,"height":1045,"caption":"Global New Energy Academy"},"image":{"@id":"https:\/\/www.gneacademy.com\/fr\/#\/schema\/logo\/image\/"},"sameAs":["https:\/\/www.linkedin.com\/company\/global-new-energy-academy"]}]}},"_links":{"self":[{"href":"https:\/\/www.gneacademy.com\/fr\/wp-json\/wp\/v2\/pages\/18820","targetHints":{"allow":["GET"]}}],"collection":[{"href":"https:\/\/www.gneacademy.com\/fr\/wp-json\/wp\/v2\/pages"}],"about":[{"href":"https:\/\/www.gneacademy.com\/fr\/wp-json\/wp\/v2\/types\/page"}],"author":[{"embeddable":true,"href":"https:\/\/www.gneacademy.com\/fr\/wp-json\/wp\/v2\/users\/1"}],"replies":[{"embeddable":true,"href":"https:\/\/www.gneacademy.com\/fr\/wp-json\/wp\/v2\/comments?post=18820"}],"version-history":[{"count":0,"href":"https:\/\/www.gneacademy.com\/fr\/wp-json\/wp\/v2\/pages\/18820\/revisions"}],"wp:attachment":[{"href":"https:\/\/www.gneacademy.com\/fr\/wp-json\/wp\/v2\/media?parent=18820"}],"curies":[{"name":"wp","href":"https:\/\/api.w.org\/{rel}","templated":true}]}}