{"id":18635,"date":"2025-01-14T19:30:58","date_gmt":"2025-01-14T11:30:58","guid":{"rendered":"https:\/\/www.gneacademy.com\/rejoignez-nous\/stage-informatique-it\/"},"modified":"2025-05-15T14:44:09","modified_gmt":"2025-05-15T06:44:09","slug":"stage-informatique-it","status":"publish","type":"page","link":"https:\/\/www.gneacademy.com\/fr\/rejoignez-nous\/stage-informatique-it\/","title":{"rendered":"Stage Informatique \/ IT"},"content":{"rendered":"\t\t<div data-elementor-type=\"wp-page\" data-elementor-id=\"18635\" class=\"elementor elementor-18635 elementor-15587\" data-elementor-settings=\"{&quot;ha_cmc_init_switcher&quot;:&quot;no&quot;}\" data-elementor-post-type=\"page\">\n\t\t\t\t<div class=\"elementor-element elementor-element-3b1cec33 e-flex e-con-boxed e-con e-parent\" data-id=\"3b1cec33\" data-element_type=\"container\" data-e-type=\"container\" data-settings=\"{&quot;_ha_eqh_enable&quot;:false}\">\n\t\t\t\t\t<div class=\"e-con-inner\">\n\t\t\t\t<div class=\"elementor-element elementor-element-16fd9deb elementor-widget thim-ekits-heading elementor-widget-thim-heading\" data-id=\"16fd9deb\" data-element_type=\"widget\" data-e-type=\"widget\" data-widget_type=\"thim-heading.default\">\n\t\t\t\t<div class=\"elementor-widget-container\">\n\t\t\t\t\t<div class=\"sc_heading\"><h3 class=\"title\">\u00c0 propos de Global New Energy Academy <\/h3><span class=\"line\"><\/span><\/div>\t\t\t\t<\/div>\n\t\t\t\t<\/div>\n\t\t\t\t\t<\/div>\n\t\t\t\t<\/div>\n\t\t<div class=\"elementor-element elementor-element-28332c25 e-flex e-con-boxed e-con e-parent\" data-id=\"28332c25\" data-element_type=\"container\" data-e-type=\"container\" data-settings=\"{&quot;_ha_eqh_enable&quot;:false}\">\n\t\t\t\t\t<div class=\"e-con-inner\">\n\t\t\t\t<div class=\"elementor-element elementor-element-69165e16 elementor-widget elementor-widget-text-editor\" data-id=\"69165e16\" data-element_type=\"widget\" data-e-type=\"widget\" data-widget_type=\"text-editor.default\">\n\t\t\t\t<div class=\"elementor-widget-container\">\n\t\t\t\t\t\t\t\t\t<p>Global New Energy Academy est un leader mondial de la formation aux v\u00e9hicules \u00e9lectriques et aux technologies vertes, soutenu par des investisseurs de premier plan et des partenariats strat\u00e9giques avec les gouvernements nationaux locaux et les principaux acteurs du secteur. Global New Energy Academy est id\u00e9alement positionn\u00e9e pour mener la transition vers l&rsquo;\u00e9ducation et la certification en \u00e9nergie durable \u00e0 l&rsquo;\u00e9chelle mondiale. <\/p><p>Nos collaborations de haut niveau avec les minist\u00e8res de l&rsquo;\u00c9ducation et les agences gouvernementales de diff\u00e9rentes r\u00e9gions nous permettent d&rsquo;\u00e9tablir des normes industrielles en mati\u00e8re de formation aux v\u00e9hicules \u00e9lectriques et aux technologies vertes. Nous travaillons en \u00e9troite collaboration avec les principaux constructeurs de v\u00e9hicules \u00e9lectriques ainsi qu&rsquo;avec des \u00e9tablissements d&rsquo;enseignement de premier plan afin de garantir que nos programmes de formation r\u00e9pondent aux normes les plus strictes du secteur. <\/p><p>En vue de son expansion, Global New Energy Academy renforce sa pr\u00e9sence en <strong>Australie<\/strong>, au <strong>Moyen-Orient<\/strong>, en <strong>Asie centrale<\/strong>, au <strong>Br\u00e9sil<\/strong> et en <strong>Europe<\/strong>, et d\u00e9veloppe activement un r\u00e9seau mondial de centres de formation, de plateformes p\u00e9dagogiques et de certifications sectorielles. Ces partenariats avec les secteurs priv\u00e9 et public nous permettent de proposer des programmes de formation de pointe qui r\u00e9pondent \u00e0 la demande croissante de professionnels qualifi\u00e9s dans le secteur des \u00e9nergies propres. <\/p><p>Chez Global New Energy Academy, les stagiaires feront partie d&rsquo;une entreprise dynamique et en pleine croissance, offrant de vastes opportunit\u00e9s d&rsquo;exposition mondiale et d&rsquo;\u00e9volution de carri\u00e8re, contribuant \u00e0 notre mission d&rsquo;acc\u00e9l\u00e9rer la transition vers une \u00e9nergie durable gr\u00e2ce \u00e0 l&rsquo;\u00e9ducation et \u00e0 la collaboration.<\/p>\t\t\t\t\t\t\t\t<\/div>\n\t\t\t\t<\/div>\n\t\t\t\t\t<\/div>\n\t\t\t\t<\/div>\n\t\t<div class=\"elementor-element elementor-element-793a0dfb e-flex e-con-boxed e-con e-parent\" data-id=\"793a0dfb\" data-element_type=\"container\" data-e-type=\"container\" data-settings=\"{&quot;_ha_eqh_enable&quot;:false}\">\n\t\t\t\t\t<div class=\"e-con-inner\">\n\t\t\t\t<div class=\"elementor-element elementor-element-3dfaa443 elementor-widget-divider--view-line elementor-widget elementor-widget-divider\" data-id=\"3dfaa443\" data-element_type=\"widget\" data-e-type=\"widget\" data-widget_type=\"divider.default\">\n\t\t\t\t<div class=\"elementor-widget-container\">\n\t\t\t\t\t\t\t<div class=\"elementor-divider\">\n\t\t\t<span class=\"elementor-divider-separator\">\n\t\t\t\t\t\t<\/span>\n\t\t<\/div>\n\t\t\t\t\t\t<\/div>\n\t\t\t\t<\/div>\n\t\t\t\t\t<\/div>\n\t\t\t\t<\/div>\n\t\t<div class=\"elementor-element elementor-element-d7e4708 e-flex e-con-boxed e-con e-parent\" data-id=\"d7e4708\" data-element_type=\"container\" data-e-type=\"container\" data-settings=\"{&quot;_ha_eqh_enable&quot;:false}\">\n\t\t\t\t\t<div class=\"e-con-inner\">\n\t\t\t\t<div class=\"elementor-element elementor-element-58858f56 elementor-widget thim-ekits-heading elementor-widget-thim-heading\" data-id=\"58858f56\" data-element_type=\"widget\" data-e-type=\"widget\" data-widget_type=\"thim-heading.default\">\n\t\t\t\t<div class=\"elementor-widget-container\">\n\t\t\t\t\t<div class=\"sc_heading\"><h3 class=\"title\">Poste de stagiaire technique\/informatique <\/h3><\/div>\t\t\t\t<\/div>\n\t\t\t\t<\/div>\n\t\t\t\t\t<\/div>\n\t\t\t\t<\/div>\n\t\t<div class=\"elementor-element elementor-element-766e3ca4 e-flex e-con-boxed e-con e-parent\" data-id=\"766e3ca4\" data-element_type=\"container\" data-e-type=\"container\" data-settings=\"{&quot;_ha_eqh_enable&quot;:false}\">\n\t\t\t\t\t<div class=\"e-con-inner\">\n\t\t\t\t<div class=\"elementor-element elementor-element-6da185b elementor-widget elementor-widget-text-editor\" data-id=\"6da185b\" data-element_type=\"widget\" data-e-type=\"widget\" data-widget_type=\"text-editor.default\">\n\t\t\t\t<div class=\"elementor-widget-container\">\n\t\t\t\t\t\t\t\t\t<p><strong>Contexte \u00e9ducatif<\/strong> :<\/p><p>\u00c9tudiants actuellement inscrits dans les meilleures universit\u00e9s ou nouveaux dipl\u00f4m\u00e9s dans des domaines connexes (dipl\u00f4m\u00e9s 2024-2025 pr\u00e9f\u00e9r\u00e9s), notamment en informatique, en technologies de l&rsquo;information ou dans des disciplines connexes.<\/p><p><strong>Comp\u00e9tences techniques<\/strong> :<\/p><ol><li style=\"list-style-type: none;\"><ol><li>Exp\u00e9rience avec des langages de programmation tels que Python, PHP ou Java.<\/li><li>Connaissance de l\u2019int\u00e9gration de syst\u00e8mes, de la gestion de bases de donn\u00e9es et des pratiques de base en mati\u00e8re de cybers\u00e9curit\u00e9.<\/li><li>Une exp\u00e9rience avec les outils de support informatique et les kits de d\u00e9veloppement logiciel est pr\u00e9f\u00e9rable.<\/li><\/ol><\/li><\/ol><p><strong>Outils de collaboration<\/strong> :<\/p><p>Exp\u00e9rience avec des outils collaboratifs tels que GitHub, Slack, Google Docs et des plateformes de gestion de projets informatiques comme Jira.<\/p><p><strong>Style de travail et adaptabilit\u00e9<\/strong> :<\/p><ol><li style=\"list-style-type: none;\"><ol><li>Forte adaptabilit\u00e9 et capacit\u00e9 \u00e0 d\u00e9panner et \u00e0 r\u00e9soudre les probl\u00e8mes de mani\u00e8re autonome dans un environnement technologique en \u00e9volution rapide.<\/li><li>Capacit\u00e9 av\u00e9r\u00e9e \u00e0 g\u00e9rer plusieurs projets et priorit\u00e9s techniques.<\/li><\/ol><\/li><\/ol><p><strong>Comp\u00e9tences en communication<\/strong> :<\/p><ol><li style=\"list-style-type: none;\"><ol><li>Excellentes comp\u00e9tences en r\u00e9daction technique et en communication orale.<\/li><li>Ma\u00eetrise de l&rsquo;anglais (\u00e9crit et parl\u00e9) ; la ma\u00eetrise d&rsquo;autres langues telles que le portugais, l&rsquo;arabe ou le russe est un avantage.<\/li><\/ol><\/li><\/ol><p><strong>Int\u00e9r\u00eat et passion<\/strong> :<\/p><p>Passionn\u00e9 par la technologie, le d\u00e9veloppement de logiciels et la volont\u00e9 de rester \u00e0 la pointe des tendances informatiques.<\/p><p><strong>Time Commitment<\/strong>:<\/p><p>Disponibilit\u00e9 pour travailler 3 \u00e0 5 jours par semaine, avec la flexibilit\u00e9 de respecter les d\u00e9lais des projets.<\/p><p><strong>Comment postuler<\/strong> : Veuillez envoyer votre CV avec le formulaire de contact ci-dessous et inclure les \u00e9l\u00e9ments suivants dans la ligne d&rsquo;objet :<\/p><ul><li>Universit\u00e9 + Poste (par exemple, JohnDoe_UniversityXYZ_TechnicalITIntern)<\/li><\/ul><p>Pour toute demande de renseignements, n&rsquo;h\u00e9sitez pas \u00e0 nous contacter.<\/p>\t\t\t\t\t\t\t\t<\/div>\n\t\t\t\t<\/div>\n\t\t\t\t<div class=\"elementor-element elementor-element-7b62d946 elementor-widget-divider--view-line elementor-widget elementor-widget-divider\" data-id=\"7b62d946\" data-element_type=\"widget\" data-e-type=\"widget\" data-widget_type=\"divider.default\">\n\t\t\t\t<div class=\"elementor-widget-container\">\n\t\t\t\t\t\t\t<div class=\"elementor-divider\">\n\t\t\t<span class=\"elementor-divider-separator\">\n\t\t\t\t\t\t<\/span>\n\t\t<\/div>\n\t\t\t\t\t\t<\/div>\n\t\t\t\t<\/div>\n\t\t\t\t\t<\/div>\n\t\t\t\t<\/div>\n\t\t\t\t<section class=\"elementor-section elementor-top-section elementor-element elementor-element-4a1071a2 elementor-section-stretched elementor-section-boxed elementor-section-height-default elementor-section-height-default\" data-id=\"4a1071a2\" data-element_type=\"section\" data-e-type=\"section\" data-settings=\"{&quot;stretch_section&quot;:&quot;section-stretched&quot;,&quot;_ha_eqh_enable&quot;:false}\">\n\t\t\t\t\t\t<div class=\"elementor-container elementor-column-gap-no\">\n\t\t\t\t\t<div class=\"elementor-column elementor-col-100 elementor-top-column elementor-element elementor-element-7496d13f\" data-id=\"7496d13f\" data-element_type=\"column\" data-e-type=\"column\">\n\t\t\t<div class=\"elementor-widget-wrap elementor-element-populated\">\n\t\t\t\t\t\t<div class=\"elementor-element elementor-element-4c8fd098 thim-ekits-heading-text-center elementor-widget thim-ekits-heading elementor-widget-thim-heading\" data-id=\"4c8fd098\" data-element_type=\"widget\" data-e-type=\"widget\" data-widget_type=\"thim-heading.default\">\n\t\t\t\t<div class=\"elementor-widget-container\">\n\t\t\t\t\t<div class=\"sc_heading text-center\"><h3 class=\"title\">Remplissez le formulaire ci-dessous afin que nous puissions mieux vous conna\u00eetre. <\/h3><\/div>\t\t\t\t<\/div>\n\t\t\t\t<\/div>\n\t\t\t\t<div class=\"elementor-element elementor-element-279460b0 elementor-widget elementor-widget-thim-ekits-contact-form-7\" data-id=\"279460b0\" data-element_type=\"widget\" data-e-type=\"widget\" data-widget_type=\"thim-ekits-contact-form-7.default\">\n\t\t\t\t<div class=\"elementor-widget-container\">\n\t\t\t\t\t\t\t\t<div class=\"thim-ekit-wpcf7\">\n\t\t\t\t\n<div class=\"wpcf7 no-js\" id=\"wpcf7-f18567-o1\" lang=\"fr-FR\" dir=\"ltr\" data-wpcf7-id=\"18567\">\n<div class=\"screen-reader-response\"><p role=\"status\" aria-live=\"polite\" aria-atomic=\"true\"><\/p> <ul><\/ul><\/div>\n<form action=\"\/fr\/wp-json\/wp\/v2\/pages\/18635#wpcf7-f18567-o1\" method=\"post\" class=\"wpcf7-form init\" aria-label=\"Formulaire de contact\" enctype=\"multipart\/form-data\" novalidate=\"novalidate\" data-status=\"init\">\n<fieldset class=\"hidden-fields-container\"><input type=\"hidden\" name=\"_wpcf7\" value=\"18567\" \/><input type=\"hidden\" name=\"_wpcf7_version\" value=\"6.1.4\" \/><input type=\"hidden\" name=\"_wpcf7_locale\" value=\"fr_FR\" \/><input type=\"hidden\" name=\"_wpcf7_unit_tag\" value=\"wpcf7-f18567-o1\" \/><input type=\"hidden\" name=\"_wpcf7_container_post\" value=\"0\" \/><input type=\"hidden\" name=\"_wpcf7_posted_data_hash\" value=\"\" \/><input type=\"hidden\" name=\"_wpcf7_recaptcha_response\" value=\"\" \/>\n<\/fieldset>\n<p><span class=\"wpcf7-form-control-wrap\" data-name=\"your-name\"><input size=\"40\" maxlength=\"400\" class=\"wpcf7-form-control wpcf7-text\" aria-invalid=\"false\" placeholder=\"Nom *\" value=\"\" type=\"text\" name=\"your-name\" \/><\/span>\n<\/p>\n<p><span class=\"wpcf7-form-control-wrap\" data-name=\"your-subject\"><input size=\"40\" maxlength=\"400\" class=\"wpcf7-form-control wpcf7-text\" aria-invalid=\"false\" placeholder=\"Sujet *\" value=\"\" type=\"text\" name=\"your-subject\" \/><\/span>\n<\/p>\n<p><span class=\"wpcf7-form-control-wrap\" data-name=\"your-email\"><input size=\"40\" maxlength=\"400\" class=\"wpcf7-form-control wpcf7-email wpcf7-validates-as-required wpcf7-text wpcf7-validates-as-email\" aria-required=\"true\" aria-invalid=\"false\" placeholder=\"Email *\" value=\"\" type=\"email\" name=\"your-email\" \/><\/span>\n<\/p>\n<p>Votre CV * (uniquement PDF)<span class=\"wpcf7-form-control-wrap\" data-name=\"your-file\"><input size=\"40\" class=\"wpcf7-form-control wpcf7-file wpcf7-validates-as-required\" accept=\"application\/pdf\" aria-required=\"true\" aria-invalid=\"false\" type=\"file\" name=\"your-file\" \/><\/span>\n<\/p>\n<p><span class=\"wpcf7-form-control-wrap\" data-name=\"your-message\"><textarea cols=\"40\" rows=\"10\" maxlength=\"2000\" class=\"wpcf7-form-control wpcf7-textarea\" aria-invalid=\"false\" placeholder=\"Message *\" name=\"your-message\"><\/textarea><\/span>\n<\/p>\n<p><input class=\"wpcf7-form-control wpcf7-submit has-spinner\" type=\"submit\" value=\"Soumettre\" \/>\n<\/p><div class=\"wpcf7-response-output\" aria-hidden=\"true\"><\/div>\n<\/form>\n<\/div>\n\t\t\t<\/div>\n\t\t\t\t\t\t<\/div>\n\t\t\t\t<\/div>\n\t\t\t\t\t<\/div>\n\t\t<\/div>\n\t\t\t\t\t<\/div>\n\t\t<\/section>\n\t\t\t\t<\/div>\n\t\t","protected":false},"excerpt":{"rendered":"<p>\u00c0 propos de Global New Energy Academy Global New Energy Academy est un leader mondial de la formation aux v\u00e9hicules \u00e9lectriques et aux technologies vertes, soutenu par des investisseurs de premier plan et des partenariats strat\u00e9giques avec les gouvernements nationaux &hellip; <\/p>\n","protected":false},"author":1,"featured_media":0,"parent":18542,"menu_order":0,"comment_status":"closed","ping_status":"closed","template":"","meta":{"footnotes":""},"class_list":["post-18635","page","type-page","status-publish","hentry"],"yoast_head":"<!-- This site is optimized with the Yoast SEO plugin v27.4 - https:\/\/yoast.com\/product\/yoast-seo-wordpress\/ -->\n<title>Stage Informatique \/ IT - Global New Energy Academy<\/title>\n<meta name=\"robots\" content=\"index, follow, max-snippet:-1, max-image-preview:large, max-video-preview:-1\" \/>\n<link rel=\"canonical\" href=\"https:\/\/www.gneacademy.com\/fr\/rejoignez-nous\/stage-informatique-it\/\" \/>\n<meta property=\"og:locale\" content=\"fr_FR\" \/>\n<meta property=\"og:type\" content=\"article\" \/>\n<meta property=\"og:title\" content=\"Stage Informatique \/ IT - Global New Energy Academy\" \/>\n<meta property=\"og:description\" content=\"\u00c0 propos de Global New Energy Academy Global New Energy Academy est un leader mondial de la formation aux v\u00e9hicules \u00e9lectriques et aux technologies vertes, soutenu par des investisseurs de premier plan et des partenariats strat\u00e9giques avec les gouvernements nationaux &hellip;\" \/>\n<meta property=\"og:url\" content=\"https:\/\/www.gneacademy.com\/fr\/rejoignez-nous\/stage-informatique-it\/\" \/>\n<meta property=\"og:site_name\" content=\"Global New Energy Academy\" \/>\n<meta property=\"article:modified_time\" content=\"2025-05-15T06:44:09+00:00\" \/>\n<meta name=\"twitter:card\" content=\"summary_large_image\" \/>\n<meta name=\"twitter:label1\" content=\"Dur\u00e9e de lecture estim\u00e9e\" \/>\n\t<meta name=\"twitter:data1\" content=\"3 minutes\" \/>\n<script type=\"application\/ld+json\" class=\"yoast-schema-graph\">{\"@context\":\"https:\\\/\\\/schema.org\",\"@graph\":[{\"@type\":\"WebPage\",\"@id\":\"https:\\\/\\\/www.gneacademy.com\\\/fr\\\/rejoignez-nous\\\/stage-informatique-it\\\/\",\"url\":\"https:\\\/\\\/www.gneacademy.com\\\/fr\\\/rejoignez-nous\\\/stage-informatique-it\\\/\",\"name\":\"Stage Informatique \\\/ IT - Global New Energy Academy\",\"isPartOf\":{\"@id\":\"https:\\\/\\\/www.gneacademy.com\\\/fr\\\/#website\"},\"datePublished\":\"2025-01-14T11:30:58+00:00\",\"dateModified\":\"2025-05-15T06:44:09+00:00\",\"breadcrumb\":{\"@id\":\"https:\\\/\\\/www.gneacademy.com\\\/fr\\\/rejoignez-nous\\\/stage-informatique-it\\\/#breadcrumb\"},\"inLanguage\":\"fr-FR\",\"potentialAction\":[{\"@type\":\"ReadAction\",\"target\":[\"https:\\\/\\\/www.gneacademy.com\\\/fr\\\/rejoignez-nous\\\/stage-informatique-it\\\/\"]}]},{\"@type\":\"BreadcrumbList\",\"@id\":\"https:\\\/\\\/www.gneacademy.com\\\/fr\\\/rejoignez-nous\\\/stage-informatique-it\\\/#breadcrumb\",\"itemListElement\":[{\"@type\":\"ListItem\",\"position\":1,\"name\":\"Accueil\",\"item\":\"https:\\\/\\\/www.gneacademy.com\\\/fr\\\/accueil\\\/\"},{\"@type\":\"ListItem\",\"position\":2,\"name\":\"Rejoignez-nous\",\"item\":\"https:\\\/\\\/www.gneacademy.com\\\/fr\\\/rejoignez-nous\\\/\"},{\"@type\":\"ListItem\",\"position\":3,\"name\":\"Stage Informatique \\\/ IT\"}]},{\"@type\":\"WebSite\",\"@id\":\"https:\\\/\\\/www.gneacademy.com\\\/fr\\\/#website\",\"url\":\"https:\\\/\\\/www.gneacademy.com\\\/fr\\\/\",\"name\":\"Global New Energy Academy\",\"description\":\"Achieve Sustainability For Next Generations\",\"publisher\":{\"@id\":\"https:\\\/\\\/www.gneacademy.com\\\/fr\\\/#organization\"},\"potentialAction\":[{\"@type\":\"SearchAction\",\"target\":{\"@type\":\"EntryPoint\",\"urlTemplate\":\"https:\\\/\\\/www.gneacademy.com\\\/fr\\\/?s={search_term_string}\"},\"query-input\":{\"@type\":\"PropertyValueSpecification\",\"valueRequired\":true,\"valueName\":\"search_term_string\"}}],\"inLanguage\":\"fr-FR\"},{\"@type\":\"Organization\",\"@id\":\"https:\\\/\\\/www.gneacademy.com\\\/fr\\\/#organization\",\"name\":\"Global New Energy Academy\",\"url\":\"https:\\\/\\\/www.gneacademy.com\\\/fr\\\/\",\"logo\":{\"@type\":\"ImageObject\",\"inLanguage\":\"fr-FR\",\"@id\":\"https:\\\/\\\/www.gneacademy.com\\\/fr\\\/#\\\/schema\\\/logo\\\/image\\\/\",\"url\":\"https:\\\/\\\/www.gneacademy.com\\\/wp-content\\\/uploads\\\/2024\\\/11\\\/Logo-GNEA_renv-04.png\",\"contentUrl\":\"https:\\\/\\\/www.gneacademy.com\\\/wp-content\\\/uploads\\\/2024\\\/11\\\/Logo-GNEA_renv-04.png\",\"width\":1119,\"height\":1045,\"caption\":\"Global New Energy Academy\"},\"image\":{\"@id\":\"https:\\\/\\\/www.gneacademy.com\\\/fr\\\/#\\\/schema\\\/logo\\\/image\\\/\"},\"sameAs\":[\"https:\\\/\\\/www.linkedin.com\\\/company\\\/global-new-energy-academy\"]}]}<\/script>\n<!-- \/ Yoast SEO plugin. -->","yoast_head_json":{"title":"Stage Informatique \/ IT - Global New Energy Academy","robots":{"index":"index","follow":"follow","max-snippet":"max-snippet:-1","max-image-preview":"max-image-preview:large","max-video-preview":"max-video-preview:-1"},"canonical":"https:\/\/www.gneacademy.com\/fr\/rejoignez-nous\/stage-informatique-it\/","og_locale":"fr_FR","og_type":"article","og_title":"Stage Informatique \/ IT - Global New Energy Academy","og_description":"\u00c0 propos de Global New Energy Academy Global New Energy Academy est un leader mondial de la formation aux v\u00e9hicules \u00e9lectriques et aux technologies vertes, soutenu par des investisseurs de premier plan et des partenariats strat\u00e9giques avec les gouvernements nationaux &hellip;","og_url":"https:\/\/www.gneacademy.com\/fr\/rejoignez-nous\/stage-informatique-it\/","og_site_name":"Global New Energy Academy","article_modified_time":"2025-05-15T06:44:09+00:00","twitter_card":"summary_large_image","twitter_misc":{"Dur\u00e9e de lecture estim\u00e9e":"3 minutes"},"schema":{"@context":"https:\/\/schema.org","@graph":[{"@type":"WebPage","@id":"https:\/\/www.gneacademy.com\/fr\/rejoignez-nous\/stage-informatique-it\/","url":"https:\/\/www.gneacademy.com\/fr\/rejoignez-nous\/stage-informatique-it\/","name":"Stage Informatique \/ IT - Global New Energy Academy","isPartOf":{"@id":"https:\/\/www.gneacademy.com\/fr\/#website"},"datePublished":"2025-01-14T11:30:58+00:00","dateModified":"2025-05-15T06:44:09+00:00","breadcrumb":{"@id":"https:\/\/www.gneacademy.com\/fr\/rejoignez-nous\/stage-informatique-it\/#breadcrumb"},"inLanguage":"fr-FR","potentialAction":[{"@type":"ReadAction","target":["https:\/\/www.gneacademy.com\/fr\/rejoignez-nous\/stage-informatique-it\/"]}]},{"@type":"BreadcrumbList","@id":"https:\/\/www.gneacademy.com\/fr\/rejoignez-nous\/stage-informatique-it\/#breadcrumb","itemListElement":[{"@type":"ListItem","position":1,"name":"Accueil","item":"https:\/\/www.gneacademy.com\/fr\/accueil\/"},{"@type":"ListItem","position":2,"name":"Rejoignez-nous","item":"https:\/\/www.gneacademy.com\/fr\/rejoignez-nous\/"},{"@type":"ListItem","position":3,"name":"Stage Informatique \/ IT"}]},{"@type":"WebSite","@id":"https:\/\/www.gneacademy.com\/fr\/#website","url":"https:\/\/www.gneacademy.com\/fr\/","name":"Global New Energy Academy","description":"Achieve Sustainability For Next Generations","publisher":{"@id":"https:\/\/www.gneacademy.com\/fr\/#organization"},"potentialAction":[{"@type":"SearchAction","target":{"@type":"EntryPoint","urlTemplate":"https:\/\/www.gneacademy.com\/fr\/?s={search_term_string}"},"query-input":{"@type":"PropertyValueSpecification","valueRequired":true,"valueName":"search_term_string"}}],"inLanguage":"fr-FR"},{"@type":"Organization","@id":"https:\/\/www.gneacademy.com\/fr\/#organization","name":"Global New Energy Academy","url":"https:\/\/www.gneacademy.com\/fr\/","logo":{"@type":"ImageObject","inLanguage":"fr-FR","@id":"https:\/\/www.gneacademy.com\/fr\/#\/schema\/logo\/image\/","url":"https:\/\/www.gneacademy.com\/wp-content\/uploads\/2024\/11\/Logo-GNEA_renv-04.png","contentUrl":"https:\/\/www.gneacademy.com\/wp-content\/uploads\/2024\/11\/Logo-GNEA_renv-04.png","width":1119,"height":1045,"caption":"Global New Energy Academy"},"image":{"@id":"https:\/\/www.gneacademy.com\/fr\/#\/schema\/logo\/image\/"},"sameAs":["https:\/\/www.linkedin.com\/company\/global-new-energy-academy"]}]}},"_links":{"self":[{"href":"https:\/\/www.gneacademy.com\/fr\/wp-json\/wp\/v2\/pages\/18635","targetHints":{"allow":["GET"]}}],"collection":[{"href":"https:\/\/www.gneacademy.com\/fr\/wp-json\/wp\/v2\/pages"}],"about":[{"href":"https:\/\/www.gneacademy.com\/fr\/wp-json\/wp\/v2\/types\/page"}],"author":[{"embeddable":true,"href":"https:\/\/www.gneacademy.com\/fr\/wp-json\/wp\/v2\/users\/1"}],"replies":[{"embeddable":true,"href":"https:\/\/www.gneacademy.com\/fr\/wp-json\/wp\/v2\/comments?post=18635"}],"version-history":[{"count":0,"href":"https:\/\/www.gneacademy.com\/fr\/wp-json\/wp\/v2\/pages\/18635\/revisions"}],"up":[{"embeddable":true,"href":"https:\/\/www.gneacademy.com\/fr\/wp-json\/wp\/v2\/pages\/18542"}],"wp:attachment":[{"href":"https:\/\/www.gneacademy.com\/fr\/wp-json\/wp\/v2\/media?parent=18635"}],"curies":[{"name":"wp","href":"https:\/\/api.w.org\/{rel}","templated":true}]}}