{"id":18604,"date":"2025-01-14T19:54:03","date_gmt":"2025-01-14T11:54:03","guid":{"rendered":"https:\/\/www.gneacademy.com\/rejoignez-nous\/stage-juridique\/"},"modified":"2025-05-14T14:59:52","modified_gmt":"2025-05-14T06:59:52","slug":"stage-juridique","status":"publish","type":"page","link":"https:\/\/www.gneacademy.com\/fr\/rejoignez-nous\/stage-juridique\/","title":{"rendered":"Stage Juridique"},"content":{"rendered":"\t\t<div data-elementor-type=\"wp-page\" data-elementor-id=\"18604\" class=\"elementor elementor-18604 elementor-15653\" data-elementor-settings=\"{&quot;ha_cmc_init_switcher&quot;:&quot;no&quot;}\" data-elementor-post-type=\"page\">\n\t\t\t\t<div class=\"elementor-element elementor-element-798fd7ad e-flex e-con-boxed e-con e-parent\" data-id=\"798fd7ad\" data-element_type=\"container\" data-e-type=\"container\" data-settings=\"{&quot;_ha_eqh_enable&quot;:false}\">\n\t\t\t\t\t<div class=\"e-con-inner\">\n\t\t\t\t<div class=\"elementor-element elementor-element-56f3a15b elementor-widget thim-ekits-heading elementor-widget-thim-heading\" data-id=\"56f3a15b\" data-element_type=\"widget\" data-e-type=\"widget\" data-widget_type=\"thim-heading.default\">\n\t\t\t\t<div class=\"elementor-widget-container\">\n\t\t\t\t\t<div class=\"sc_heading\"><h3 class=\"title\">\u00c0 propos de Global New Energy Academy <\/h3><span class=\"line\"><\/span><\/div>\t\t\t\t<\/div>\n\t\t\t\t<\/div>\n\t\t\t\t\t<\/div>\n\t\t\t\t<\/div>\n\t\t<div class=\"elementor-element elementor-element-2f1da96e e-flex e-con-boxed e-con e-parent\" data-id=\"2f1da96e\" data-element_type=\"container\" data-e-type=\"container\" data-settings=\"{&quot;_ha_eqh_enable&quot;:false}\">\n\t\t\t\t\t<div class=\"e-con-inner\">\n\t\t\t\t<div class=\"elementor-element elementor-element-2f0a02c7 elementor-widget elementor-widget-text-editor\" data-id=\"2f0a02c7\" data-element_type=\"widget\" data-e-type=\"widget\" data-widget_type=\"text-editor.default\">\n\t\t\t\t<div class=\"elementor-widget-container\">\n\t\t\t\t\t\t\t\t\t<p>Global New Energy Academy est un leader mondial de la formation aux v\u00e9hicules \u00e9lectriques et aux technologies vertes, soutenu par des investisseurs de premier plan et des partenariats strat\u00e9giques avec les gouvernements nationaux locaux et les principaux acteurs du secteur. Global New Energy Academy est id\u00e9alement positionn\u00e9e pour mener la transition vers l&rsquo;\u00e9ducation et la certification en \u00e9nergie durable \u00e0 l&rsquo;\u00e9chelle mondiale. <\/p><p>Nos collaborations de haut niveau avec les minist\u00e8res de l&rsquo;\u00c9ducation et les agences gouvernementales de diff\u00e9rentes r\u00e9gions nous permettent d&rsquo;\u00e9tablir des normes industrielles en mati\u00e8re de formation aux v\u00e9hicules \u00e9lectriques et aux technologies vertes. Nous travaillons en \u00e9troite collaboration avec les principaux constructeurs de v\u00e9hicules \u00e9lectriques ainsi qu&rsquo;avec des \u00e9tablissements d&rsquo;enseignement de premier plan afin de garantir que nos programmes de formation r\u00e9pondent aux normes les plus strictes du secteur. <\/p><p>En vue de son expansion, Global New Energy Academy renforce sa pr\u00e9sence en <strong>Australie<\/strong>, au <strong>Moyen-Orient<\/strong>, en <strong>Asie centrale<\/strong>, au <strong>Br\u00e9sil<\/strong> et en <strong>Europe<\/strong>, et d\u00e9veloppe activement un r\u00e9seau mondial de centres de formation, de plateformes p\u00e9dagogiques et de certifications sectorielles. Ces partenariats avec les secteurs priv\u00e9 et public nous permettent de proposer des programmes de formation de pointe qui r\u00e9pondent \u00e0 la demande croissante de professionnels qualifi\u00e9s dans le secteur des \u00e9nergies propres. <\/p><p>Chez Global New Energy Academy, les stagiaires feront partie d&rsquo;une entreprise dynamique et en pleine croissance, offrant de vastes opportunit\u00e9s d&rsquo;exposition mondiale et d&rsquo;\u00e9volution de carri\u00e8re, contribuant \u00e0 notre mission d&rsquo;acc\u00e9l\u00e9rer la transition vers une \u00e9nergie durable gr\u00e2ce \u00e0 l&rsquo;\u00e9ducation et \u00e0 la collaboration.<\/p>\t\t\t\t\t\t\t\t<\/div>\n\t\t\t\t<\/div>\n\t\t\t\t\t<\/div>\n\t\t\t\t<\/div>\n\t\t<div class=\"elementor-element elementor-element-f047627 e-flex e-con-boxed e-con e-parent\" data-id=\"f047627\" data-element_type=\"container\" data-e-type=\"container\" data-settings=\"{&quot;_ha_eqh_enable&quot;:false}\">\n\t\t\t\t\t<div class=\"e-con-inner\">\n\t\t\t\t<div class=\"elementor-element elementor-element-44c5801e elementor-widget-divider--view-line elementor-widget elementor-widget-divider\" data-id=\"44c5801e\" data-element_type=\"widget\" data-e-type=\"widget\" data-widget_type=\"divider.default\">\n\t\t\t\t<div class=\"elementor-widget-container\">\n\t\t\t\t\t\t\t<div class=\"elementor-divider\">\n\t\t\t<span class=\"elementor-divider-separator\">\n\t\t\t\t\t\t<\/span>\n\t\t<\/div>\n\t\t\t\t\t\t<\/div>\n\t\t\t\t<\/div>\n\t\t\t\t\t<\/div>\n\t\t\t\t<\/div>\n\t\t<div class=\"elementor-element elementor-element-6699e1 e-flex e-con-boxed e-con e-parent\" data-id=\"6699e1\" data-element_type=\"container\" data-e-type=\"container\" data-settings=\"{&quot;_ha_eqh_enable&quot;:false}\">\n\t\t\t\t\t<div class=\"e-con-inner\">\n\t\t\t\t<div class=\"elementor-element elementor-element-3daf3ab2 elementor-widget thim-ekits-heading elementor-widget-thim-heading\" data-id=\"3daf3ab2\" data-element_type=\"widget\" data-e-type=\"widget\" data-widget_type=\"thim-heading.default\">\n\t\t\t\t<div class=\"elementor-widget-container\">\n\t\t\t\t\t<div class=\"sc_heading\"><h3 class=\"title\">Stagiaire juridique <\/h3><\/div>\t\t\t\t<\/div>\n\t\t\t\t<\/div>\n\t\t\t\t\t<\/div>\n\t\t\t\t<\/div>\n\t\t<div class=\"elementor-element elementor-element-4d88dcb0 e-flex e-con-boxed e-con e-parent\" data-id=\"4d88dcb0\" data-element_type=\"container\" data-e-type=\"container\" data-settings=\"{&quot;_ha_eqh_enable&quot;:false}\">\n\t\t\t\t\t<div class=\"e-con-inner\">\n\t\t\t\t<div class=\"elementor-element elementor-element-bfae479 elementor-widget elementor-widget-text-editor\" data-id=\"bfae479\" data-element_type=\"widget\" data-e-type=\"widget\" data-widget_type=\"text-editor.default\">\n\t\t\t\t<div class=\"elementor-widget-container\">\n\t\t\t\t\t\t\t\t\t<p><strong>Contexte \u00e9ducatif<\/strong> :<\/p><p>\u00c9tudiants actuellement inscrits dans les meilleures universit\u00e9s ou jeunes dipl\u00f4m\u00e9s de la facult\u00e9 de droit (dipl\u00f4m\u00e9s de 2024-2025 pr\u00e9f\u00e9r\u00e9s).<\/p><p><strong>Comp\u00e9tences techniques<\/strong> :<\/p><ol><li style=\"list-style-type: none;\"><ol><li>Connaissance des outils et m\u00e9thodologies de recherche juridique.<\/li><li>Une exp\u00e9rience dans la r\u00e9daction de documents juridiques, la r\u00e9alisation d\u2019analyses juridiques ou la participation \u00e0 des proc\u00e8s fictifs ou \u00e0 des cliniques juridiques est pr\u00e9f\u00e9rable.<\/li><li>Connaissance des outils d&rsquo;analyse tels que Google Analytics, Meta Business Suite ou des informations sur les plateformes de m\u00e9dias sociaux pour suivre les indicateurs de performance et d&rsquo;engagement.<\/li><\/ol><\/li><\/ol><p><strong>Outils de collaboration<\/strong> :<\/p><p>Ma\u00eetrise des outils collaboratifs tels que Dropbox, Slack, Google Docs et des plateformes de gestion de projets juridiques comme Clio ou LexisNexis.<\/p><p><strong>Style de travail et adaptabilit\u00e9<\/strong> :<\/p><ol><li style=\"list-style-type: none;\"><ol><li>Forte capacit\u00e9 d\u2019adaptation et capacit\u00e9 \u00e0 travailler de mani\u00e8re autonome dans un environnement juridique en \u00e9volution rapide tout en g\u00e9rant plusieurs t\u00e2ches juridiques.<\/li><li>Capacit\u00e9 av\u00e9r\u00e9e \u00e0 traiter des informations confidentielles et sensibles avec discr\u00e9tion.<\/li><\/ol><\/li><\/ol><p><strong>Comp\u00e9tences en communication<\/strong> :<\/p><ol><li style=\"list-style-type: none;\"><ol><li>Excellentes comp\u00e9tences en communication \u00e9crite et orale, avec la capacit\u00e9 d\u2019articuler des arguments juridiques et de r\u00e9diger des documents juridiques clairs.<\/li><li>Ma\u00eetrise de l&rsquo;anglais (\u00e9crit et parl\u00e9) ; la ma\u00eetrise d&rsquo;autres langues telles que le portugais, l&rsquo;arabe ou le russe est un avantage.<\/li><\/ol><\/li><\/ol><p><strong>Int\u00e9r\u00eat et passion<\/strong> :<\/p><p>Passionn\u00e9 par le droit, notamment dans les domaines li\u00e9s \u00e0 la technologie, \u00e0 la propri\u00e9t\u00e9 intellectuelle ou au droit de l&rsquo;environnement.<\/p><p><strong>Engagement de temps<\/strong> :<\/p><p>Disponibilit\u00e9 pour travailler 3 \u00e0 5 jours par semaine, avec flexibilit\u00e9 pour s&rsquo;adapter aux besoins du service juridique.<\/p><p><strong>Comment postuler<\/strong> : Veuillez envoyer votre CV avec le formulaire de contact ci-dessous et inclure les \u00e9l\u00e9ments suivants dans la ligne d&rsquo;objet :<\/p><ul><li>Universit\u00e9 + poste (par exemple, JohnDoe_UniversityXYZ_LegalIntern)<\/li><\/ul><p>Pour toute demande de renseignements, n&rsquo;h\u00e9sitez pas \u00e0 nous contacter.<\/p>\t\t\t\t\t\t\t\t<\/div>\n\t\t\t\t<\/div>\n\t\t\t\t<div class=\"elementor-element elementor-element-25fda47d elementor-widget-divider--view-line elementor-widget elementor-widget-divider\" data-id=\"25fda47d\" data-element_type=\"widget\" data-e-type=\"widget\" data-widget_type=\"divider.default\">\n\t\t\t\t<div class=\"elementor-widget-container\">\n\t\t\t\t\t\t\t<div class=\"elementor-divider\">\n\t\t\t<span class=\"elementor-divider-separator\">\n\t\t\t\t\t\t<\/span>\n\t\t<\/div>\n\t\t\t\t\t\t<\/div>\n\t\t\t\t<\/div>\n\t\t\t\t\t<\/div>\n\t\t\t\t<\/div>\n\t\t\t\t<section class=\"elementor-section elementor-top-section elementor-element elementor-element-751c25e4 elementor-section-stretched elementor-section-boxed elementor-section-height-default elementor-section-height-default\" data-id=\"751c25e4\" data-element_type=\"section\" data-e-type=\"section\" data-settings=\"{&quot;stretch_section&quot;:&quot;section-stretched&quot;,&quot;_ha_eqh_enable&quot;:false}\">\n\t\t\t\t\t\t<div class=\"elementor-container elementor-column-gap-no\">\n\t\t\t\t\t<div class=\"elementor-column elementor-col-100 elementor-top-column elementor-element elementor-element-19376326\" data-id=\"19376326\" data-element_type=\"column\" data-e-type=\"column\">\n\t\t\t<div class=\"elementor-widget-wrap elementor-element-populated\">\n\t\t\t\t\t\t<div class=\"elementor-element elementor-element-36238bb thim-ekits-heading-text-center elementor-widget thim-ekits-heading elementor-widget-thim-heading\" data-id=\"36238bb\" data-element_type=\"widget\" data-e-type=\"widget\" data-widget_type=\"thim-heading.default\">\n\t\t\t\t<div class=\"elementor-widget-container\">\n\t\t\t\t\t<div class=\"sc_heading text-center\"><h3 class=\"title\">Remplissez le formulaire ci-dessous afin que nous puissions mieux vous conna\u00eetre. <\/h3><\/div>\t\t\t\t<\/div>\n\t\t\t\t<\/div>\n\t\t\t\t<div class=\"elementor-element elementor-element-57ee7d02 elementor-widget elementor-widget-thim-ekits-contact-form-7\" data-id=\"57ee7d02\" data-element_type=\"widget\" data-e-type=\"widget\" data-widget_type=\"thim-ekits-contact-form-7.default\">\n\t\t\t\t<div class=\"elementor-widget-container\">\n\t\t\t\t\t\t\t\t<div class=\"thim-ekit-wpcf7\">\n\t\t\t\t\n<div class=\"wpcf7 no-js\" id=\"wpcf7-f18567-o1\" lang=\"fr-FR\" dir=\"ltr\" data-wpcf7-id=\"18567\">\n<div class=\"screen-reader-response\"><p role=\"status\" aria-live=\"polite\" aria-atomic=\"true\"><\/p> <ul><\/ul><\/div>\n<form action=\"\/fr\/wp-json\/wp\/v2\/pages\/18604#wpcf7-f18567-o1\" method=\"post\" class=\"wpcf7-form init\" aria-label=\"Formulaire de contact\" enctype=\"multipart\/form-data\" novalidate=\"novalidate\" data-status=\"init\">\n<fieldset class=\"hidden-fields-container\"><input type=\"hidden\" name=\"_wpcf7\" value=\"18567\" \/><input type=\"hidden\" name=\"_wpcf7_version\" value=\"6.1.4\" \/><input type=\"hidden\" name=\"_wpcf7_locale\" value=\"fr_FR\" \/><input type=\"hidden\" name=\"_wpcf7_unit_tag\" value=\"wpcf7-f18567-o1\" \/><input type=\"hidden\" name=\"_wpcf7_container_post\" value=\"0\" \/><input type=\"hidden\" name=\"_wpcf7_posted_data_hash\" value=\"\" \/><input type=\"hidden\" name=\"_wpcf7_recaptcha_response\" value=\"\" \/>\n<\/fieldset>\n<p><span class=\"wpcf7-form-control-wrap\" data-name=\"your-name\"><input size=\"40\" maxlength=\"400\" class=\"wpcf7-form-control wpcf7-text\" aria-invalid=\"false\" placeholder=\"Nom *\" value=\"\" type=\"text\" name=\"your-name\" \/><\/span>\n<\/p>\n<p><span class=\"wpcf7-form-control-wrap\" data-name=\"your-subject\"><input size=\"40\" maxlength=\"400\" class=\"wpcf7-form-control wpcf7-text\" aria-invalid=\"false\" placeholder=\"Sujet *\" value=\"\" type=\"text\" name=\"your-subject\" \/><\/span>\n<\/p>\n<p><span class=\"wpcf7-form-control-wrap\" data-name=\"your-email\"><input size=\"40\" maxlength=\"400\" class=\"wpcf7-form-control wpcf7-email wpcf7-validates-as-required wpcf7-text wpcf7-validates-as-email\" aria-required=\"true\" aria-invalid=\"false\" placeholder=\"Email *\" value=\"\" type=\"email\" name=\"your-email\" \/><\/span>\n<\/p>\n<p>Votre CV * (uniquement PDF)<span class=\"wpcf7-form-control-wrap\" data-name=\"your-file\"><input size=\"40\" class=\"wpcf7-form-control wpcf7-file wpcf7-validates-as-required\" accept=\"application\/pdf\" aria-required=\"true\" aria-invalid=\"false\" type=\"file\" name=\"your-file\" \/><\/span>\n<\/p>\n<p><span class=\"wpcf7-form-control-wrap\" data-name=\"your-message\"><textarea cols=\"40\" rows=\"10\" maxlength=\"2000\" class=\"wpcf7-form-control wpcf7-textarea\" aria-invalid=\"false\" placeholder=\"Message *\" name=\"your-message\"><\/textarea><\/span>\n<\/p>\n<p><input class=\"wpcf7-form-control wpcf7-submit has-spinner\" type=\"submit\" value=\"Soumettre\" \/>\n<\/p><div class=\"wpcf7-response-output\" aria-hidden=\"true\"><\/div>\n<\/form>\n<\/div>\n\t\t\t<\/div>\n\t\t\t\t\t\t<\/div>\n\t\t\t\t<\/div>\n\t\t\t\t\t<\/div>\n\t\t<\/div>\n\t\t\t\t\t<\/div>\n\t\t<\/section>\n\t\t\t\t<\/div>\n\t\t","protected":false},"excerpt":{"rendered":"<p>\u00c0 propos de Global New Energy Academy Global New Energy Academy est un leader mondial de la formation aux v\u00e9hicules \u00e9lectriques et aux technologies vertes, soutenu par des investisseurs de premier plan et des partenariats strat\u00e9giques avec les gouvernements nationaux &hellip; <\/p>\n","protected":false},"author":1,"featured_media":0,"parent":18542,"menu_order":0,"comment_status":"closed","ping_status":"closed","template":"","meta":{"footnotes":""},"class_list":["post-18604","page","type-page","status-publish","hentry"],"yoast_head":"<!-- This site is optimized with the Yoast SEO plugin v27.4 - https:\/\/yoast.com\/product\/yoast-seo-wordpress\/ -->\n<title>Stage Juridique - Global New Energy Academy<\/title>\n<meta name=\"robots\" content=\"index, follow, max-snippet:-1, max-image-preview:large, max-video-preview:-1\" \/>\n<link rel=\"canonical\" href=\"https:\/\/www.gneacademy.com\/fr\/rejoignez-nous\/stage-juridique\/\" \/>\n<meta property=\"og:locale\" content=\"fr_FR\" \/>\n<meta property=\"og:type\" content=\"article\" \/>\n<meta property=\"og:title\" content=\"Stage Juridique - Global New Energy Academy\" \/>\n<meta property=\"og:description\" content=\"\u00c0 propos de Global New Energy Academy Global New Energy Academy est un leader mondial de la formation aux v\u00e9hicules \u00e9lectriques et aux technologies vertes, soutenu par des investisseurs de premier plan et des partenariats strat\u00e9giques avec les gouvernements nationaux &hellip;\" \/>\n<meta property=\"og:url\" content=\"https:\/\/www.gneacademy.com\/fr\/rejoignez-nous\/stage-juridique\/\" \/>\n<meta property=\"og:site_name\" content=\"Global New Energy Academy\" \/>\n<meta property=\"article:modified_time\" content=\"2025-05-14T06:59:52+00:00\" \/>\n<meta name=\"twitter:card\" content=\"summary_large_image\" \/>\n<meta name=\"twitter:label1\" content=\"Dur\u00e9e de lecture estim\u00e9e\" \/>\n\t<meta name=\"twitter:data1\" content=\"3 minutes\" \/>\n<script type=\"application\/ld+json\" class=\"yoast-schema-graph\">{\"@context\":\"https:\\\/\\\/schema.org\",\"@graph\":[{\"@type\":\"WebPage\",\"@id\":\"https:\\\/\\\/www.gneacademy.com\\\/fr\\\/rejoignez-nous\\\/stage-juridique\\\/\",\"url\":\"https:\\\/\\\/www.gneacademy.com\\\/fr\\\/rejoignez-nous\\\/stage-juridique\\\/\",\"name\":\"Stage Juridique - Global New Energy Academy\",\"isPartOf\":{\"@id\":\"https:\\\/\\\/www.gneacademy.com\\\/fr\\\/#website\"},\"datePublished\":\"2025-01-14T11:54:03+00:00\",\"dateModified\":\"2025-05-14T06:59:52+00:00\",\"breadcrumb\":{\"@id\":\"https:\\\/\\\/www.gneacademy.com\\\/fr\\\/rejoignez-nous\\\/stage-juridique\\\/#breadcrumb\"},\"inLanguage\":\"fr-FR\",\"potentialAction\":[{\"@type\":\"ReadAction\",\"target\":[\"https:\\\/\\\/www.gneacademy.com\\\/fr\\\/rejoignez-nous\\\/stage-juridique\\\/\"]}]},{\"@type\":\"BreadcrumbList\",\"@id\":\"https:\\\/\\\/www.gneacademy.com\\\/fr\\\/rejoignez-nous\\\/stage-juridique\\\/#breadcrumb\",\"itemListElement\":[{\"@type\":\"ListItem\",\"position\":1,\"name\":\"Accueil\",\"item\":\"https:\\\/\\\/www.gneacademy.com\\\/fr\\\/accueil\\\/\"},{\"@type\":\"ListItem\",\"position\":2,\"name\":\"Rejoignez-nous\",\"item\":\"https:\\\/\\\/www.gneacademy.com\\\/fr\\\/rejoignez-nous\\\/\"},{\"@type\":\"ListItem\",\"position\":3,\"name\":\"Stage Juridique\"}]},{\"@type\":\"WebSite\",\"@id\":\"https:\\\/\\\/www.gneacademy.com\\\/fr\\\/#website\",\"url\":\"https:\\\/\\\/www.gneacademy.com\\\/fr\\\/\",\"name\":\"Global New Energy Academy\",\"description\":\"Achieve Sustainability For Next Generations\",\"publisher\":{\"@id\":\"https:\\\/\\\/www.gneacademy.com\\\/fr\\\/#organization\"},\"potentialAction\":[{\"@type\":\"SearchAction\",\"target\":{\"@type\":\"EntryPoint\",\"urlTemplate\":\"https:\\\/\\\/www.gneacademy.com\\\/fr\\\/?s={search_term_string}\"},\"query-input\":{\"@type\":\"PropertyValueSpecification\",\"valueRequired\":true,\"valueName\":\"search_term_string\"}}],\"inLanguage\":\"fr-FR\"},{\"@type\":\"Organization\",\"@id\":\"https:\\\/\\\/www.gneacademy.com\\\/fr\\\/#organization\",\"name\":\"Global New Energy Academy\",\"url\":\"https:\\\/\\\/www.gneacademy.com\\\/fr\\\/\",\"logo\":{\"@type\":\"ImageObject\",\"inLanguage\":\"fr-FR\",\"@id\":\"https:\\\/\\\/www.gneacademy.com\\\/fr\\\/#\\\/schema\\\/logo\\\/image\\\/\",\"url\":\"https:\\\/\\\/www.gneacademy.com\\\/wp-content\\\/uploads\\\/2024\\\/11\\\/Logo-GNEA_renv-04.png\",\"contentUrl\":\"https:\\\/\\\/www.gneacademy.com\\\/wp-content\\\/uploads\\\/2024\\\/11\\\/Logo-GNEA_renv-04.png\",\"width\":1119,\"height\":1045,\"caption\":\"Global New Energy Academy\"},\"image\":{\"@id\":\"https:\\\/\\\/www.gneacademy.com\\\/fr\\\/#\\\/schema\\\/logo\\\/image\\\/\"},\"sameAs\":[\"https:\\\/\\\/www.linkedin.com\\\/company\\\/global-new-energy-academy\"]}]}<\/script>\n<!-- \/ Yoast SEO plugin. -->","yoast_head_json":{"title":"Stage Juridique - Global New Energy Academy","robots":{"index":"index","follow":"follow","max-snippet":"max-snippet:-1","max-image-preview":"max-image-preview:large","max-video-preview":"max-video-preview:-1"},"canonical":"https:\/\/www.gneacademy.com\/fr\/rejoignez-nous\/stage-juridique\/","og_locale":"fr_FR","og_type":"article","og_title":"Stage Juridique - Global New Energy Academy","og_description":"\u00c0 propos de Global New Energy Academy Global New Energy Academy est un leader mondial de la formation aux v\u00e9hicules \u00e9lectriques et aux technologies vertes, soutenu par des investisseurs de premier plan et des partenariats strat\u00e9giques avec les gouvernements nationaux &hellip;","og_url":"https:\/\/www.gneacademy.com\/fr\/rejoignez-nous\/stage-juridique\/","og_site_name":"Global New Energy Academy","article_modified_time":"2025-05-14T06:59:52+00:00","twitter_card":"summary_large_image","twitter_misc":{"Dur\u00e9e de lecture estim\u00e9e":"3 minutes"},"schema":{"@context":"https:\/\/schema.org","@graph":[{"@type":"WebPage","@id":"https:\/\/www.gneacademy.com\/fr\/rejoignez-nous\/stage-juridique\/","url":"https:\/\/www.gneacademy.com\/fr\/rejoignez-nous\/stage-juridique\/","name":"Stage Juridique - Global New Energy Academy","isPartOf":{"@id":"https:\/\/www.gneacademy.com\/fr\/#website"},"datePublished":"2025-01-14T11:54:03+00:00","dateModified":"2025-05-14T06:59:52+00:00","breadcrumb":{"@id":"https:\/\/www.gneacademy.com\/fr\/rejoignez-nous\/stage-juridique\/#breadcrumb"},"inLanguage":"fr-FR","potentialAction":[{"@type":"ReadAction","target":["https:\/\/www.gneacademy.com\/fr\/rejoignez-nous\/stage-juridique\/"]}]},{"@type":"BreadcrumbList","@id":"https:\/\/www.gneacademy.com\/fr\/rejoignez-nous\/stage-juridique\/#breadcrumb","itemListElement":[{"@type":"ListItem","position":1,"name":"Accueil","item":"https:\/\/www.gneacademy.com\/fr\/accueil\/"},{"@type":"ListItem","position":2,"name":"Rejoignez-nous","item":"https:\/\/www.gneacademy.com\/fr\/rejoignez-nous\/"},{"@type":"ListItem","position":3,"name":"Stage Juridique"}]},{"@type":"WebSite","@id":"https:\/\/www.gneacademy.com\/fr\/#website","url":"https:\/\/www.gneacademy.com\/fr\/","name":"Global New Energy Academy","description":"Achieve Sustainability For Next Generations","publisher":{"@id":"https:\/\/www.gneacademy.com\/fr\/#organization"},"potentialAction":[{"@type":"SearchAction","target":{"@type":"EntryPoint","urlTemplate":"https:\/\/www.gneacademy.com\/fr\/?s={search_term_string}"},"query-input":{"@type":"PropertyValueSpecification","valueRequired":true,"valueName":"search_term_string"}}],"inLanguage":"fr-FR"},{"@type":"Organization","@id":"https:\/\/www.gneacademy.com\/fr\/#organization","name":"Global New Energy Academy","url":"https:\/\/www.gneacademy.com\/fr\/","logo":{"@type":"ImageObject","inLanguage":"fr-FR","@id":"https:\/\/www.gneacademy.com\/fr\/#\/schema\/logo\/image\/","url":"https:\/\/www.gneacademy.com\/wp-content\/uploads\/2024\/11\/Logo-GNEA_renv-04.png","contentUrl":"https:\/\/www.gneacademy.com\/wp-content\/uploads\/2024\/11\/Logo-GNEA_renv-04.png","width":1119,"height":1045,"caption":"Global New Energy Academy"},"image":{"@id":"https:\/\/www.gneacademy.com\/fr\/#\/schema\/logo\/image\/"},"sameAs":["https:\/\/www.linkedin.com\/company\/global-new-energy-academy"]}]}},"_links":{"self":[{"href":"https:\/\/www.gneacademy.com\/fr\/wp-json\/wp\/v2\/pages\/18604","targetHints":{"allow":["GET"]}}],"collection":[{"href":"https:\/\/www.gneacademy.com\/fr\/wp-json\/wp\/v2\/pages"}],"about":[{"href":"https:\/\/www.gneacademy.com\/fr\/wp-json\/wp\/v2\/types\/page"}],"author":[{"embeddable":true,"href":"https:\/\/www.gneacademy.com\/fr\/wp-json\/wp\/v2\/users\/1"}],"replies":[{"embeddable":true,"href":"https:\/\/www.gneacademy.com\/fr\/wp-json\/wp\/v2\/comments?post=18604"}],"version-history":[{"count":0,"href":"https:\/\/www.gneacademy.com\/fr\/wp-json\/wp\/v2\/pages\/18604\/revisions"}],"up":[{"embeddable":true,"href":"https:\/\/www.gneacademy.com\/fr\/wp-json\/wp\/v2\/pages\/18542"}],"wp:attachment":[{"href":"https:\/\/www.gneacademy.com\/fr\/wp-json\/wp\/v2\/media?parent=18604"}],"curies":[{"name":"wp","href":"https:\/\/api.w.org\/{rel}","templated":true}]}}