{"id":18526,"date":"2024-12-18T15:26:38","date_gmt":"2024-12-18T07:26:38","guid":{"rendered":"https:\/\/www.gneacademy.com\/contactez-nous\/"},"modified":"2025-05-13T12:24:16","modified_gmt":"2025-05-13T04:24:16","slug":"contactez-nous","status":"publish","type":"page","link":"https:\/\/www.gneacademy.com\/fr\/contactez-nous\/","title":{"rendered":"Contactez nous"},"content":{"rendered":"\t\t<div data-elementor-type=\"wp-page\" data-elementor-id=\"18526\" class=\"elementor elementor-18526 elementor-14359\" data-elementor-settings=\"{&quot;ha_cmc_init_switcher&quot;:&quot;no&quot;}\" data-elementor-post-type=\"page\">\n\t\t\t\t\t\t<section class=\"elementor-section elementor-top-section elementor-element elementor-element-74cf0f2f elementor-section-stretched elementor-section-boxed elementor-section-height-default elementor-section-height-default\" data-id=\"74cf0f2f\" data-element_type=\"section\" data-e-type=\"section\" data-settings=\"{&quot;stretch_section&quot;:&quot;section-stretched&quot;,&quot;_ha_eqh_enable&quot;:false}\">\n\t\t\t\t\t\t<div class=\"elementor-container elementor-column-gap-custom\">\n\t\t\t\t\t<div class=\"elementor-column elementor-col-33 elementor-top-column elementor-element elementor-element-7e0b8548\" data-id=\"7e0b8548\" data-element_type=\"column\" data-e-type=\"column\" data-settings=\"{&quot;background_background&quot;:&quot;classic&quot;}\">\n\t\t\t<div class=\"elementor-widget-wrap elementor-element-populated\">\n\t\t\t\t\t\t<div class=\"elementor-element elementor-element-3f30b028 iconbox-text-center elementor-widget elementor-widget-thim-icon-box\" data-id=\"3f30b028\" data-element_type=\"widget\" data-e-type=\"widget\" data-widget_type=\"thim-icon-box.default\">\n\t\t\t\t<div class=\"elementor-widget-container\">\n\t\t\t\t\t<div class=\"thim-widget-icon-box\"><div class=\"wrapper-box-icon text-center \"><div class=\"smicon-box iconbox-top\"><div class=\"boxes-icon\"><span class=\"inner-icon\"><span class=\"icon\"><i aria-hidden=\"true\" class=\"tk tk-pin1\"><\/i><\/span><\/span><\/div><div class=\"content-inner\"><div class=\"sc-heading\"><p class=\"heading__primary\">Adresse<\/p><\/div><div class=\"desc-icon-box\"><div class=\"desc-content\">71 Ubi Road 1, #08-34 OXLEY BIZHUB,\nSINGAPORE 408732<\/div><\/div><\/div><\/div><\/div><\/div>\t\t\t\t<\/div>\n\t\t\t\t<\/div>\n\t\t\t\t\t<\/div>\n\t\t<\/div>\n\t\t\t\t<div class=\"elementor-column elementor-col-33 elementor-top-column elementor-element elementor-element-17d07432\" data-id=\"17d07432\" data-element_type=\"column\" data-e-type=\"column\" data-settings=\"{&quot;background_background&quot;:&quot;classic&quot;}\">\n\t\t\t<div class=\"elementor-widget-wrap elementor-element-populated\">\n\t\t\t\t\t\t<div class=\"elementor-element elementor-element-5155aa2c iconbox-text-center elementor-widget elementor-widget-thim-icon-box\" data-id=\"5155aa2c\" data-element_type=\"widget\" data-e-type=\"widget\" data-widget_type=\"thim-icon-box.default\">\n\t\t\t\t<div class=\"elementor-widget-container\">\n\t\t\t\t\t<div class=\"thim-widget-icon-box\"><div class=\"wrapper-box-icon text-center \"><div class=\"smicon-box iconbox-top\"><div class=\"boxes-icon\"><span class=\"inner-icon\"><span class=\"icon\"><i aria-hidden=\"true\" class=\"tk tk-teacher\"><\/i><\/span><\/span><\/div><div class=\"content-inner\"><div class=\"sc-heading\"><p class=\"heading__primary\">Contact info<\/p><\/div><div class=\"desc-icon-box\"><div class=\"desc-content\">Courrier : contact@gneacademy.com<\/div><\/div><\/div><\/div><\/div><\/div>\t\t\t\t<\/div>\n\t\t\t\t<\/div>\n\t\t\t\t\t<\/div>\n\t\t<\/div>\n\t\t\t\t<div class=\"elementor-column elementor-col-33 elementor-top-column elementor-element elementor-element-5d82b3d8\" data-id=\"5d82b3d8\" data-element_type=\"column\" data-e-type=\"column\" data-settings=\"{&quot;background_background&quot;:&quot;classic&quot;}\">\n\t\t\t<div class=\"elementor-widget-wrap elementor-element-populated\">\n\t\t\t\t\t\t<div class=\"elementor-element elementor-element-7a3f610b iconbox-text-center elementor-widget elementor-widget-thim-icon-box\" data-id=\"7a3f610b\" data-element_type=\"widget\" data-e-type=\"widget\" data-widget_type=\"thim-icon-box.default\">\n\t\t\t\t<div class=\"elementor-widget-container\">\n\t\t\t\t\t<div class=\"thim-widget-icon-box\"><div class=\"wrapper-box-icon text-center \"><div class=\"smicon-box iconbox-top\"><div class=\"boxes-icon\"><span class=\"inner-icon\"><span class=\"icon\"><i aria-hidden=\"true\" class=\"tk tk-clock1\"><\/i><\/span><\/span><\/div><div class=\"content-inner\"><div class=\"sc-heading\"><p class=\"heading__primary\">Horaires de travail<\/p><\/div><div class=\"desc-icon-box\"><div class=\"desc-content\">Du lundi au vendredi : 09:00 - 20:00 <br>Samedi : 10:30 - 22:00<\/div><\/div><\/div><\/div><\/div><\/div>\t\t\t\t<\/div>\n\t\t\t\t<\/div>\n\t\t\t\t\t<\/div>\n\t\t<\/div>\n\t\t\t\t\t<\/div>\n\t\t<\/section>\n\t\t\t\t<section class=\"elementor-section elementor-top-section elementor-element elementor-element-177718e9 elementor-section-stretched elementor-section-boxed elementor-section-height-default elementor-section-height-default\" data-id=\"177718e9\" data-element_type=\"section\" data-e-type=\"section\" data-settings=\"{&quot;stretch_section&quot;:&quot;section-stretched&quot;,&quot;_ha_eqh_enable&quot;:false}\">\n\t\t\t\t\t\t<div class=\"elementor-container elementor-column-gap-no\">\n\t\t\t\t\t<div class=\"elementor-column elementor-col-100 elementor-top-column elementor-element elementor-element-29af09d0\" data-id=\"29af09d0\" data-element_type=\"column\" data-e-type=\"column\">\n\t\t\t<div class=\"elementor-widget-wrap elementor-element-populated\">\n\t\t\t\t\t\t<div class=\"elementor-element elementor-element-59bdc1a1 thim-ekits-heading-text-center elementor-widget thim-ekits-heading elementor-widget-thim-heading\" data-id=\"59bdc1a1\" data-element_type=\"widget\" data-e-type=\"widget\" data-widget_type=\"thim-heading.default\">\n\t\t\t\t<div class=\"elementor-widget-container\">\n\t\t\t\t\t<div class=\"sc_heading text-center\"><h3 class=\"title\">Remplissez le formulaire ci-dessous afin que nous puissions mieux vous conna\u00eetre et r\u00e9pondre \u00e0 vos besoins. <\/h3><\/div>\t\t\t\t<\/div>\n\t\t\t\t<\/div>\n\t\t\t\t<div class=\"elementor-element elementor-element-766ab16f elementor-widget elementor-widget-thim-ekits-contact-form-7\" data-id=\"766ab16f\" data-element_type=\"widget\" data-e-type=\"widget\" data-widget_type=\"thim-ekits-contact-form-7.default\">\n\t\t\t\t<div class=\"elementor-widget-container\">\n\t\t\t\t\t\t\t\t<div class=\"thim-ekit-wpcf7\">\n\t\t\t\t\n<div class=\"wpcf7 no-js\" id=\"wpcf7-f18562-o1\" lang=\"fr-FR\" dir=\"ltr\" data-wpcf7-id=\"18562\">\n<div class=\"screen-reader-response\"><p role=\"status\" aria-live=\"polite\" aria-atomic=\"true\"><\/p> <ul><\/ul><\/div>\n<form action=\"\/fr\/wp-json\/wp\/v2\/pages\/18526#wpcf7-f18562-o1\" method=\"post\" class=\"wpcf7-form init\" aria-label=\"Formulaire de contact\" novalidate=\"novalidate\" data-status=\"init\">\n<fieldset class=\"hidden-fields-container\"><input type=\"hidden\" name=\"_wpcf7\" value=\"18562\" \/><input type=\"hidden\" name=\"_wpcf7_version\" value=\"6.1.4\" \/><input type=\"hidden\" name=\"_wpcf7_locale\" value=\"fr_FR\" \/><input type=\"hidden\" name=\"_wpcf7_unit_tag\" value=\"wpcf7-f18562-o1\" \/><input type=\"hidden\" name=\"_wpcf7_container_post\" value=\"0\" \/><input type=\"hidden\" name=\"_wpcf7_posted_data_hash\" value=\"\" \/><input type=\"hidden\" name=\"_wpcf7_recaptcha_response\" value=\"\" \/>\n<\/fieldset>\n<p><span class=\"wpcf7-form-control-wrap\" data-name=\"your-name\"><input size=\"40\" maxlength=\"400\" class=\"wpcf7-form-control wpcf7-text wpcf7-validates-as-required\" aria-required=\"true\" aria-invalid=\"false\" placeholder=\"Nom *\" value=\"\" type=\"text\" name=\"your-name\" \/><\/span>\n<\/p>\n<p><span class=\"wpcf7-form-control-wrap\" data-name=\"your-subject\"><input size=\"40\" maxlength=\"400\" class=\"wpcf7-form-control wpcf7-text wpcf7-validates-as-required\" aria-required=\"true\" aria-invalid=\"false\" placeholder=\"Subject *\" value=\"\" type=\"text\" name=\"your-subject\" \/><\/span>\n<\/p>\n<p><span class=\"wpcf7-form-control-wrap\" data-name=\"your-email\"><input size=\"40\" maxlength=\"400\" class=\"wpcf7-form-control wpcf7-email wpcf7-validates-as-required wpcf7-text wpcf7-validates-as-email\" aria-required=\"true\" aria-invalid=\"false\" placeholder=\"Email *\" value=\"\" type=\"email\" name=\"your-email\" \/><\/span>\n<\/p>\n<p><span class=\"wpcf7-form-control-wrap\" data-name=\"your-message\"><textarea cols=\"40\" rows=\"10\" maxlength=\"2000\" class=\"wpcf7-form-control wpcf7-textarea wpcf7-validates-as-required\" aria-required=\"true\" aria-invalid=\"false\" placeholder=\"Message *\" name=\"your-message\"><\/textarea><\/span>\n<\/p>\n<p><input class=\"wpcf7-form-control wpcf7-submit has-spinner\" type=\"submit\" value=\"Soumettre\" \/>\n<\/p><div class=\"wpcf7-response-output\" aria-hidden=\"true\"><\/div>\n<\/form>\n<\/div>\n\t\t\t<\/div>\n\t\t\t\t\t\t<\/div>\n\t\t\t\t<\/div>\n\t\t\t\t\t<\/div>\n\t\t<\/div>\n\t\t\t\t\t<\/div>\n\t\t<\/section>\n\t\t\t\t<section class=\"elementor-section elementor-top-section elementor-element elementor-element-7d01ca0c elementor-section-stretched elementor-section-boxed elementor-section-height-default elementor-section-height-default\" data-id=\"7d01ca0c\" data-element_type=\"section\" data-e-type=\"section\" data-settings=\"{&quot;stretch_section&quot;:&quot;section-stretched&quot;,&quot;_ha_eqh_enable&quot;:false}\">\n\t\t\t\t\t\t<div class=\"elementor-container elementor-column-gap-no\">\n\t\t\t\t\t<div class=\"elementor-column elementor-col-100 elementor-top-column elementor-element elementor-element-259ecfd9\" data-id=\"259ecfd9\" data-element_type=\"column\" data-e-type=\"column\">\n\t\t\t<div class=\"elementor-widget-wrap elementor-element-populated\">\n\t\t\t\t\t\t<div class=\"elementor-element elementor-element-721e94c0 elementor-widget elementor-widget-google_maps\" data-id=\"721e94c0\" data-element_type=\"widget\" data-e-type=\"widget\" data-widget_type=\"google_maps.default\">\n\t\t\t\t<div class=\"elementor-widget-container\">\n\t\t\t\t\t\t\t<div class=\"elementor-custom-embed\">\n\t\t\t<iframe loading=\"lazy\"\n\t\t\t\t\tsrc=\"https:\/\/maps.google.com\/maps?q=71%20Ubi%20Road%201%2C%20%2308-34%20OXLEY%20BIZHUB%2C%20SINGAPORE%20408732&#038;t=m&#038;z=12&#038;output=embed&#038;iwloc=near\"\n\t\t\t\t\ttitle=\"71 Ubi Road 1, #08-34 OXLEY BIZHUB, SINGAPORE 408732\"\n\t\t\t\t\taria-label=\"71 Ubi Road 1, #08-34 OXLEY BIZHUB, SINGAPORE 408732\"\n\t\t\t><\/iframe>\n\t\t<\/div>\n\t\t\t\t\t\t<\/div>\n\t\t\t\t<\/div>\n\t\t\t\t\t<\/div>\n\t\t<\/div>\n\t\t\t\t\t<\/div>\n\t\t<\/section>\n\t\t\t\t<\/div>\n\t\t","protected":false},"excerpt":{"rendered":"<p>Adresse 71 Ubi Road 1, #08-34 OXLEY BIZHUB, SINGAPORE 408732 Contact info Courrier : contact@gneacademy.com Horaires de travail Du lundi au vendredi : 09:00 &#8211; 20:00 Samedi : 10:30 &#8211; 22:00 Remplissez le formulaire ci-dessous afin que nous puissions mieux &hellip; <\/p>\n","protected":false},"author":1,"featured_media":0,"parent":0,"menu_order":0,"comment_status":"closed","ping_status":"closed","template":"","meta":{"footnotes":""},"class_list":["post-18526","page","type-page","status-publish","hentry"],"yoast_head":"<!-- This site is optimized with the Yoast SEO plugin v27.4 - https:\/\/yoast.com\/product\/yoast-seo-wordpress\/ -->\n<title>Contactez nous - Global New Energy Academy<\/title>\n<meta name=\"description\" content=\"Prenez contact avec GNEA. N&#039;h\u00e9sitez pas \u00e0 nous contacter pour toute demande de renseignements, de partenariat ou pour obtenir plus d&#039;informations sur nos programmes et services en mati\u00e8re d&#039;\u00e9nergie verte.\" \/>\n<meta name=\"robots\" content=\"index, follow, max-snippet:-1, max-image-preview:large, max-video-preview:-1\" \/>\n<link rel=\"canonical\" href=\"https:\/\/www.gneacademy.com\/fr\/contactez-nous\/\" \/>\n<meta property=\"og:locale\" content=\"fr_FR\" \/>\n<meta property=\"og:type\" content=\"article\" \/>\n<meta property=\"og:title\" content=\"Contactez nous - Global New Energy Academy\" \/>\n<meta property=\"og:description\" content=\"Prenez contact avec GNEA. N&#039;h\u00e9sitez pas \u00e0 nous contacter pour toute demande de renseignements, de partenariat ou pour obtenir plus d&#039;informations sur nos programmes et services en mati\u00e8re d&#039;\u00e9nergie verte.\" \/>\n<meta property=\"og:url\" content=\"https:\/\/www.gneacademy.com\/fr\/contactez-nous\/\" \/>\n<meta property=\"og:site_name\" content=\"Global New Energy Academy\" \/>\n<meta property=\"article:modified_time\" content=\"2025-05-13T04:24:16+00:00\" \/>\n<meta name=\"twitter:card\" content=\"summary_large_image\" \/>\n<script type=\"application\/ld+json\" class=\"yoast-schema-graph\">{\"@context\":\"https:\\\/\\\/schema.org\",\"@graph\":[{\"@type\":\"WebPage\",\"@id\":\"https:\\\/\\\/www.gneacademy.com\\\/fr\\\/contactez-nous\\\/\",\"url\":\"https:\\\/\\\/www.gneacademy.com\\\/fr\\\/contactez-nous\\\/\",\"name\":\"Contactez nous - Global New Energy Academy\",\"isPartOf\":{\"@id\":\"https:\\\/\\\/www.gneacademy.com\\\/fr\\\/#website\"},\"datePublished\":\"2024-12-18T07:26:38+00:00\",\"dateModified\":\"2025-05-13T04:24:16+00:00\",\"description\":\"Prenez contact avec GNEA. N'h\u00e9sitez pas \u00e0 nous contacter pour toute demande de renseignements, de partenariat ou pour obtenir plus d'informations sur nos programmes et services en mati\u00e8re d'\u00e9nergie verte.\",\"breadcrumb\":{\"@id\":\"https:\\\/\\\/www.gneacademy.com\\\/fr\\\/contactez-nous\\\/#breadcrumb\"},\"inLanguage\":\"fr-FR\",\"potentialAction\":[{\"@type\":\"ReadAction\",\"target\":[\"https:\\\/\\\/www.gneacademy.com\\\/fr\\\/contactez-nous\\\/\"]}]},{\"@type\":\"BreadcrumbList\",\"@id\":\"https:\\\/\\\/www.gneacademy.com\\\/fr\\\/contactez-nous\\\/#breadcrumb\",\"itemListElement\":[{\"@type\":\"ListItem\",\"position\":1,\"name\":\"Accueil\",\"item\":\"https:\\\/\\\/www.gneacademy.com\\\/fr\\\/accueil\\\/\"},{\"@type\":\"ListItem\",\"position\":2,\"name\":\"Contactez nous\"}]},{\"@type\":\"WebSite\",\"@id\":\"https:\\\/\\\/www.gneacademy.com\\\/fr\\\/#website\",\"url\":\"https:\\\/\\\/www.gneacademy.com\\\/fr\\\/\",\"name\":\"Global New Energy Academy\",\"description\":\"Achieve Sustainability For Next Generations\",\"publisher\":{\"@id\":\"https:\\\/\\\/www.gneacademy.com\\\/fr\\\/#organization\"},\"potentialAction\":[{\"@type\":\"SearchAction\",\"target\":{\"@type\":\"EntryPoint\",\"urlTemplate\":\"https:\\\/\\\/www.gneacademy.com\\\/fr\\\/?s={search_term_string}\"},\"query-input\":{\"@type\":\"PropertyValueSpecification\",\"valueRequired\":true,\"valueName\":\"search_term_string\"}}],\"inLanguage\":\"fr-FR\"},{\"@type\":\"Organization\",\"@id\":\"https:\\\/\\\/www.gneacademy.com\\\/fr\\\/#organization\",\"name\":\"Global New Energy Academy\",\"url\":\"https:\\\/\\\/www.gneacademy.com\\\/fr\\\/\",\"logo\":{\"@type\":\"ImageObject\",\"inLanguage\":\"fr-FR\",\"@id\":\"https:\\\/\\\/www.gneacademy.com\\\/fr\\\/#\\\/schema\\\/logo\\\/image\\\/\",\"url\":\"https:\\\/\\\/www.gneacademy.com\\\/wp-content\\\/uploads\\\/2024\\\/11\\\/Logo-GNEA_renv-04.png\",\"contentUrl\":\"https:\\\/\\\/www.gneacademy.com\\\/wp-content\\\/uploads\\\/2024\\\/11\\\/Logo-GNEA_renv-04.png\",\"width\":1119,\"height\":1045,\"caption\":\"Global New Energy Academy\"},\"image\":{\"@id\":\"https:\\\/\\\/www.gneacademy.com\\\/fr\\\/#\\\/schema\\\/logo\\\/image\\\/\"},\"sameAs\":[\"https:\\\/\\\/www.linkedin.com\\\/company\\\/global-new-energy-academy\"]}]}<\/script>\n<!-- \/ Yoast SEO plugin. -->","yoast_head_json":{"title":"Contactez nous - Global New Energy Academy","description":"Prenez contact avec GNEA. N'h\u00e9sitez pas \u00e0 nous contacter pour toute demande de renseignements, de partenariat ou pour obtenir plus d'informations sur nos programmes et services en mati\u00e8re d'\u00e9nergie verte.","robots":{"index":"index","follow":"follow","max-snippet":"max-snippet:-1","max-image-preview":"max-image-preview:large","max-video-preview":"max-video-preview:-1"},"canonical":"https:\/\/www.gneacademy.com\/fr\/contactez-nous\/","og_locale":"fr_FR","og_type":"article","og_title":"Contactez nous - Global New Energy Academy","og_description":"Prenez contact avec GNEA. N'h\u00e9sitez pas \u00e0 nous contacter pour toute demande de renseignements, de partenariat ou pour obtenir plus d'informations sur nos programmes et services en mati\u00e8re d'\u00e9nergie verte.","og_url":"https:\/\/www.gneacademy.com\/fr\/contactez-nous\/","og_site_name":"Global New Energy Academy","article_modified_time":"2025-05-13T04:24:16+00:00","twitter_card":"summary_large_image","schema":{"@context":"https:\/\/schema.org","@graph":[{"@type":"WebPage","@id":"https:\/\/www.gneacademy.com\/fr\/contactez-nous\/","url":"https:\/\/www.gneacademy.com\/fr\/contactez-nous\/","name":"Contactez nous - Global New Energy Academy","isPartOf":{"@id":"https:\/\/www.gneacademy.com\/fr\/#website"},"datePublished":"2024-12-18T07:26:38+00:00","dateModified":"2025-05-13T04:24:16+00:00","description":"Prenez contact avec GNEA. N'h\u00e9sitez pas \u00e0 nous contacter pour toute demande de renseignements, de partenariat ou pour obtenir plus d'informations sur nos programmes et services en mati\u00e8re d'\u00e9nergie verte.","breadcrumb":{"@id":"https:\/\/www.gneacademy.com\/fr\/contactez-nous\/#breadcrumb"},"inLanguage":"fr-FR","potentialAction":[{"@type":"ReadAction","target":["https:\/\/www.gneacademy.com\/fr\/contactez-nous\/"]}]},{"@type":"BreadcrumbList","@id":"https:\/\/www.gneacademy.com\/fr\/contactez-nous\/#breadcrumb","itemListElement":[{"@type":"ListItem","position":1,"name":"Accueil","item":"https:\/\/www.gneacademy.com\/fr\/accueil\/"},{"@type":"ListItem","position":2,"name":"Contactez nous"}]},{"@type":"WebSite","@id":"https:\/\/www.gneacademy.com\/fr\/#website","url":"https:\/\/www.gneacademy.com\/fr\/","name":"Global New Energy Academy","description":"Achieve Sustainability For Next Generations","publisher":{"@id":"https:\/\/www.gneacademy.com\/fr\/#organization"},"potentialAction":[{"@type":"SearchAction","target":{"@type":"EntryPoint","urlTemplate":"https:\/\/www.gneacademy.com\/fr\/?s={search_term_string}"},"query-input":{"@type":"PropertyValueSpecification","valueRequired":true,"valueName":"search_term_string"}}],"inLanguage":"fr-FR"},{"@type":"Organization","@id":"https:\/\/www.gneacademy.com\/fr\/#organization","name":"Global New Energy Academy","url":"https:\/\/www.gneacademy.com\/fr\/","logo":{"@type":"ImageObject","inLanguage":"fr-FR","@id":"https:\/\/www.gneacademy.com\/fr\/#\/schema\/logo\/image\/","url":"https:\/\/www.gneacademy.com\/wp-content\/uploads\/2024\/11\/Logo-GNEA_renv-04.png","contentUrl":"https:\/\/www.gneacademy.com\/wp-content\/uploads\/2024\/11\/Logo-GNEA_renv-04.png","width":1119,"height":1045,"caption":"Global New Energy Academy"},"image":{"@id":"https:\/\/www.gneacademy.com\/fr\/#\/schema\/logo\/image\/"},"sameAs":["https:\/\/www.linkedin.com\/company\/global-new-energy-academy"]}]}},"_links":{"self":[{"href":"https:\/\/www.gneacademy.com\/fr\/wp-json\/wp\/v2\/pages\/18526","targetHints":{"allow":["GET"]}}],"collection":[{"href":"https:\/\/www.gneacademy.com\/fr\/wp-json\/wp\/v2\/pages"}],"about":[{"href":"https:\/\/www.gneacademy.com\/fr\/wp-json\/wp\/v2\/types\/page"}],"author":[{"embeddable":true,"href":"https:\/\/www.gneacademy.com\/fr\/wp-json\/wp\/v2\/users\/1"}],"replies":[{"embeddable":true,"href":"https:\/\/www.gneacademy.com\/fr\/wp-json\/wp\/v2\/comments?post=18526"}],"version-history":[{"count":0,"href":"https:\/\/www.gneacademy.com\/fr\/wp-json\/wp\/v2\/pages\/18526\/revisions"}],"wp:attachment":[{"href":"https:\/\/www.gneacademy.com\/fr\/wp-json\/wp\/v2\/media?parent=18526"}],"curies":[{"name":"wp","href":"https:\/\/api.w.org\/{rel}","templated":true}]}}